{"id":7779,"date":"2025-03-12T10:28:56","date_gmt":"2025-03-12T16:28:56","guid":{"rendered":"https:\/\/noblehouse.com.mx\/ntc\/?post_type=product&#038;p=7779"},"modified":"2026-03-05T16:46:08","modified_gmt":"2026-03-05T22:46:08","slug":"la-casta-mestizo-robusto-caja-con-10-puros-en-tubo-de-cristal","status":"publish","type":"product","link":"https:\/\/noblehouse.com.mx\/ntc\/producto\/la-casta-mestizo-robusto-caja-con-10-puros-en-tubo-de-cristal\/","title":{"rendered":"LA CASTA MESTIZO ROBUSTO CAJA CON 10 PUROS EN TUBO DE CRISTAL"},"content":{"rendered":"<p>Es la fusi\u00f3n de sabidur\u00eda, de una larga tradici\u00f3n en la manufactura de puros y la siembra del tabaco, que por generaciones se ha preservado y que ahora deja su legado en nuestra orgullosa marca de tres l\u00edneas de puros, cada una de ellas con una mezcla de tabacos cuidadosamente seleccionados y con un sabor muy particular que, como concepto representan cada una de las castas surgidas del encuentro entre las razas del mundo: mestizo, mulato y criollo.<\/p>\n<p>Cada uno de los puros la casta posee un sabor de medio a fuerte, lleno de matices evidentes, que estamos seguros conquistar\u00e1 el paladar del conocedor m\u00e1s exigente con cada una de sus l\u00edneas.<\/p>\n<p>&nbsp;<\/p>\n<table width=\"236\">\n<tbody>\n<tr>\n<td width=\"64\"><strong>Vitola<\/strong><\/td>\n<td width=\"172\">5 X 50<\/td>\n<\/tr>\n<tr>\n<td><strong>Tripa<\/strong><\/td>\n<td>Viso de Esteli Nicaragua y Maduro San Andres<\/td>\n<\/tr>\n<tr>\n<td><strong>Banda<\/strong><\/td>\n<td>Maduro San Andres<\/td>\n<\/tr>\n<tr>\n<td><strong>Capa<\/strong><\/td>\n<td>Maduro San Andres<\/td>\n<\/tr>\n<tr>\n<td><strong>Fortaleza<\/strong><\/td>\n<td>Medio a Fuerte<\/td>\n<\/tr>\n<\/tbody>\n<\/table>\n","protected":false},"excerpt":{"rendered":"<p>Es la fusi\u00f3n de sabidur\u00eda, de una larga tradici\u00f3n en la manufactura de puros y la siembra del tabaco, que por generaciones se ha preservado y que ahora deja su legado en nuestra orgullosa marca de tres l\u00edneas de puros, cada una de ellas con una mezcla de tabacos cuidadosamente seleccionados y con un sabor [&#8230;]\n","protected":false},"featured_media":3825,"comment_status":"open","ping_status":"closed","template":"","meta":[],"product_brand":[],"product_cat":[82],"product_tag":[],"class_list":{"0":"post-7779","1":"product","2":"type-product","3":"status-publish","4":"has-post-thumbnail","6":"product_cat-la-casta","8":"first","9":"instock","10":"taxable","11":"shipping-taxable","12":"purchasable","13":"product-type-simple"},"_links":{"self":[{"href":"https:\/\/noblehouse.com.mx\/ntc\/wp-json\/wp\/v2\/product\/7779","targetHints":{"allow":["GET"]}}],"collection":[{"href":"https:\/\/noblehouse.com.mx\/ntc\/wp-json\/wp\/v2\/product"}],"about":[{"href":"https:\/\/noblehouse.com.mx\/ntc\/wp-json\/wp\/v2\/types\/product"}],"replies":[{"embeddable":true,"href":"https:\/\/noblehouse.com.mx\/ntc\/wp-json\/wp\/v2\/comments?post=7779"}],"wp:featuredmedia":[{"embeddable":true,"href":"https:\/\/noblehouse.com.mx\/ntc\/wp-json\/wp\/v2\/media\/3825"}],"wp:attachment":[{"href":"https:\/\/noblehouse.com.mx\/ntc\/wp-json\/wp\/v2\/media?parent=7779"}],"wp:term":[{"taxonomy":"product_brand","embeddable":true,"href":"https:\/\/noblehouse.com.mx\/ntc\/wp-json\/wp\/v2\/product_brand?post=7779"},{"taxonomy":"product_cat","embeddable":true,"href":"https:\/\/noblehouse.com.mx\/ntc\/wp-json\/wp\/v2\/product_cat?post=7779"},{"taxonomy":"product_tag","embeddable":true,"href":"https:\/\/noblehouse.com.mx\/ntc\/wp-json\/wp\/v2\/product_tag?post=7779"}],"curies":[{"name":"wp","href":"https:\/\/api.w.org\/{rel}","templated":true}]}}