{"id":7194,"date":"2024-09-11T17:39:10","date_gmt":"2024-09-11T23:39:10","guid":{"rendered":"https:\/\/noblehouse.com.mx\/ntc\/?post_type=product&#038;p=7194"},"modified":"2026-03-05T16:46:03","modified_gmt":"2026-03-05T22:46:03","slug":"veracruz-corona-humidibag-con-3-puros","status":"publish","type":"product","link":"https:\/\/noblehouse.com.mx\/ntc\/producto\/veracruz-corona-humidibag-con-3-puros\/","title":{"rendered":"VERACRUZ CORONA HUMIDIBAG CON 3 PUROS"},"content":{"rendered":"<p>\u00a1M\u00e1xima Frescura!<\/p>\n<p>Pouch de gran calidad que contiene los puros de nuestras marcas m\u00e1s vendidas.<\/p>\n<p>&#8211; Abre f\u00e1cil.<\/p>\n<p>&#8211; Mantiene la humedad por m\u00e1s tiempo.<\/p>\n<p>&#8211; Pictogramas incluidos en la impresi\u00f3n de alta calidad.<\/p>\n<p>&#8211; Acabado semi mate con detalles metalizados<\/p>\n<p>&nbsp;<\/p>\n<p>LOS PUROS NO INCLUYEN ANILLO.<\/p>\n","protected":false},"excerpt":{"rendered":"<p>\u00a1M\u00e1xima Frescura! Pouch de gran calidad que contiene los puros de nuestras marcas m\u00e1s vendidas. &#8211; Abre f\u00e1cil. &#8211; Mantiene la humedad por m\u00e1s tiempo. &#8211; Pictogramas incluidos en la impresi\u00f3n de alta calidad. &#8211; Acabado semi mate con detalles metalizados &nbsp; LOS PUROS NO INCLUYEN ANILLO.<\/p>\n","protected":false},"featured_media":7222,"comment_status":"open","ping_status":"closed","template":"","meta":[],"product_brand":[],"product_cat":[69,76],"product_tag":[],"class_list":{"0":"post-7194","1":"product","2":"type-product","3":"status-publish","4":"has-post-thumbnail","6":"product_cat-puros","7":"product_cat-veracruz-premium","9":"first","10":"instock","11":"taxable","12":"shipping-taxable","13":"purchasable","14":"product-type-simple"},"_links":{"self":[{"href":"https:\/\/noblehouse.com.mx\/ntc\/wp-json\/wp\/v2\/product\/7194","targetHints":{"allow":["GET"]}}],"collection":[{"href":"https:\/\/noblehouse.com.mx\/ntc\/wp-json\/wp\/v2\/product"}],"about":[{"href":"https:\/\/noblehouse.com.mx\/ntc\/wp-json\/wp\/v2\/types\/product"}],"replies":[{"embeddable":true,"href":"https:\/\/noblehouse.com.mx\/ntc\/wp-json\/wp\/v2\/comments?post=7194"}],"wp:featuredmedia":[{"embeddable":true,"href":"https:\/\/noblehouse.com.mx\/ntc\/wp-json\/wp\/v2\/media\/7222"}],"wp:attachment":[{"href":"https:\/\/noblehouse.com.mx\/ntc\/wp-json\/wp\/v2\/media?parent=7194"}],"wp:term":[{"taxonomy":"product_brand","embeddable":true,"href":"https:\/\/noblehouse.com.mx\/ntc\/wp-json\/wp\/v2\/product_brand?post=7194"},{"taxonomy":"product_cat","embeddable":true,"href":"https:\/\/noblehouse.com.mx\/ntc\/wp-json\/wp\/v2\/product_cat?post=7194"},{"taxonomy":"product_tag","embeddable":true,"href":"https:\/\/noblehouse.com.mx\/ntc\/wp-json\/wp\/v2\/product_tag?post=7194"}],"curies":[{"name":"wp","href":"https:\/\/api.w.org\/{rel}","templated":true}]}}