{"id":634,"date":"2020-07-22T19:55:50","date_gmt":"2020-07-23T00:55:50","guid":{"rendered":"https:\/\/www.noblehouse.com.mx\/grangaleraclub\/producto\/capa-flor-robusto-en-caja-con-3-puros-maduro-maduro-colorado-y-habano\/"},"modified":"2026-03-05T16:45:28","modified_gmt":"2026-03-05T22:45:28","slug":"capa-flor-robusto-en-caja-con-3-puros-maduro-maduro-colorado-y-habano","status":"publish","type":"product","link":"https:\/\/noblehouse.com.mx\/ntc\/producto\/capa-flor-robusto-en-caja-con-3-puros-maduro-maduro-colorado-y-habano\/","title":{"rendered":"CAPA FLOR ROBUSTO EN CAJA CON 3 PUROS MADURO, MADURO COLORADO Y HABANO"},"content":{"rendered":"<p>Por a\u00f1os, los ancestrales suelos del Valle de San Andres han producido excelentes tabacos que en silencio y en secreto han logrado ser uno de los puros preferidos por muchos consumidores, esto debido a sus excelentes capas y el especifico sabor que da sus tierras.<\/p>\n<p>Por mucho tiempo este valle ha producido tabaco para complementar mezclas de otros pa\u00edses. Capa flor ha salido a la luz p\u00fablica para demostrar que M\u00e9xico no solo produce tabacos de gran calidad, sino para mostrar que es plenamente capaz de producir un gran puro.<\/p>\n<table width=\"580\">\n<tbody>\n<tr>\n<td width=\"64\"><\/td>\n<td style=\"text-align: left\" width=\"172\"><strong>Maduro<\/strong><\/td>\n<td style=\"text-align: left\" width=\"172\"><strong>Colorado<\/strong><\/td>\n<td style=\"text-align: left\" width=\"172\"><strong>Habano<\/strong><\/td>\n<\/tr>\n<tr>\n<td><strong>Vitola<\/strong><\/td>\n<td>5 x 50<\/td>\n<td>5 x 50<\/td>\n<td>5 x 50<\/td>\n<\/tr>\n<tr>\n<td><strong>Tripa<\/strong><\/td>\n<td>San Andres y Nicaragua<\/td>\n<td>San Andres y Nicaragua<\/td>\n<td>San Andres y Nicaragua<\/td>\n<\/tr>\n<tr>\n<td><strong>Banda<\/strong><\/td>\n<td>San Andres Morron Limpio<\/td>\n<td>San Andres Morron Limpio<\/td>\n<td>San Andres Morron Limpio<\/td>\n<\/tr>\n<tr>\n<td><strong>Capa<\/strong><\/td>\n<td>Maduro<\/td>\n<td>Maduro Colorado<\/td>\n<td>Habano<\/td>\n<\/tr>\n<tr>\n<td><strong>Fortaleza<\/strong><\/td>\n<td>Medio a Fuerte<\/td>\n<td>Medio a Fuerte<\/td>\n<td>Medio a Fuerte<\/td>\n<\/tr>\n<\/tbody>\n<\/table>\n","protected":false},"excerpt":{"rendered":"<p>Por a\u00f1os, los ancestrales suelos del Valle de San Andres han producido excelentes tabacos que en silencio y en secreto han logrado ser uno de los puros preferidos por muchos consumidores, esto debido a sus excelentes capas y el especifico sabor que da sus tierras. Por mucho tiempo este valle ha producido tabaco para complementar [&#8230;]\n","protected":false},"featured_media":988,"comment_status":"open","ping_status":"closed","template":"","meta":[],"product_brand":[],"product_cat":[83],"product_tag":[],"class_list":{"0":"post-634","1":"product","2":"type-product","3":"status-publish","4":"has-post-thumbnail","6":"product_cat-capa-flor","8":"first","9":"instock","10":"taxable","11":"shipping-taxable","12":"purchasable","13":"product-type-simple"},"_links":{"self":[{"href":"https:\/\/noblehouse.com.mx\/ntc\/wp-json\/wp\/v2\/product\/634","targetHints":{"allow":["GET"]}}],"collection":[{"href":"https:\/\/noblehouse.com.mx\/ntc\/wp-json\/wp\/v2\/product"}],"about":[{"href":"https:\/\/noblehouse.com.mx\/ntc\/wp-json\/wp\/v2\/types\/product"}],"replies":[{"embeddable":true,"href":"https:\/\/noblehouse.com.mx\/ntc\/wp-json\/wp\/v2\/comments?post=634"}],"wp:featuredmedia":[{"embeddable":true,"href":"https:\/\/noblehouse.com.mx\/ntc\/wp-json\/wp\/v2\/media\/988"}],"wp:attachment":[{"href":"https:\/\/noblehouse.com.mx\/ntc\/wp-json\/wp\/v2\/media?parent=634"}],"wp:term":[{"taxonomy":"product_brand","embeddable":true,"href":"https:\/\/noblehouse.com.mx\/ntc\/wp-json\/wp\/v2\/product_brand?post=634"},{"taxonomy":"product_cat","embeddable":true,"href":"https:\/\/noblehouse.com.mx\/ntc\/wp-json\/wp\/v2\/product_cat?post=634"},{"taxonomy":"product_tag","embeddable":true,"href":"https:\/\/noblehouse.com.mx\/ntc\/wp-json\/wp\/v2\/product_tag?post=634"}],"curies":[{"name":"wp","href":"https:\/\/api.w.org\/{rel}","templated":true}]}}