{"id":617,"date":"2020-07-22T19:57:15","date_gmt":"2020-07-23T00:57:15","guid":{"rendered":"https:\/\/www.noblehouse.com.mx\/grangaleraclub\/producto\/capa-flor-robusto-sampler-premium-respaldo-con-9-puros\/"},"modified":"2026-03-05T16:45:26","modified_gmt":"2026-03-05T22:45:26","slug":"capa-flor-robusto-sampler-premium-respaldo-con-9-puros","status":"publish","type":"product","link":"https:\/\/noblehouse.com.mx\/ntc\/producto\/capa-flor-robusto-sampler-premium-respaldo-con-9-puros\/","title":{"rendered":"CAPA FLOR ROBUSTO SAMPLER PREMIUM RESPALDO CON 9 PUROS"},"content":{"rendered":"<p>Por a\u00f1os, los ancestrales suelos del Valle de San Andres han producido excelentes tabacos que en silencio y en secreto han logrado ser uno de los puros preferidos por muchos consumidores, esto debido a sus excelentes capas y el especifico sabor que da sus tierras.<\/p>\n<p>Por mucho tiempo este valle ha producido tabaco para complementar mezclas de otros pa\u00edses. Capa flor ha salido a la luz p\u00fablica para demostrar que M\u00e9xico no solo produce tabacos de gran calidad, sino para mostrar que es plenamente capaz de producir un gran puro.<\/p>\n<table width=\"757\">\n<tbody>\n<tr>\n<td width=\"64\"><\/td>\n<td width=\"172\"><strong>Habano<\/strong><\/td>\n<td width=\"349\"><strong>Connecticut<\/strong><\/td>\n<td width=\"172\"><strong>Maduro<\/strong><\/td>\n<\/tr>\n<tr>\n<td><strong>Vitola<\/strong><\/td>\n<td>5 x 50<\/td>\n<td>5 x 50<\/td>\n<td>5 x 50<\/td>\n<\/tr>\n<tr>\n<td><strong>Tripa<\/strong><\/td>\n<td>Viso De Esteli Nicaragua, Maduro San Andres y Habano<\/td>\n<td>Viso De Esteli Nicaragua, Maduro San Andres y Habano<\/td>\n<td>San Andres y Nicaragua<\/td>\n<\/tr>\n<tr>\n<td><strong>Banda<\/strong><\/td>\n<td>Maduro San andres<\/td>\n<td>Maduro San andres<\/td>\n<td>San Andres Morron Limpio<\/td>\n<\/tr>\n<tr>\n<td><strong>Capa<\/strong><\/td>\n<td>Habano Ecuador<\/td>\n<td>Connecticut Ecuador<\/td>\n<td>Maduro<\/td>\n<\/tr>\n<tr>\n<td><strong>Fortaleza<\/strong><\/td>\n<td>Medio a Fuerte<\/td>\n<td>Medio a Fuerte<\/td>\n<td>Medio a Fuerte<\/td>\n<\/tr>\n<\/tbody>\n<\/table>\n<p>&nbsp;<\/p>\n","protected":false},"excerpt":{"rendered":"<p>Por a\u00f1os, los ancestrales suelos del Valle de San Andres han producido excelentes tabacos que en silencio y en secreto han logrado ser uno de los puros preferidos por muchos consumidores, esto debido a sus excelentes capas y el especifico sabor que da sus tierras. Por mucho tiempo este valle ha producido tabaco para complementar [&#8230;]\n","protected":false},"featured_media":996,"comment_status":"open","ping_status":"closed","template":"","meta":[],"product_brand":[],"product_cat":[83,105],"product_tag":[],"class_list":{"0":"post-617","1":"product","2":"type-product","3":"status-publish","4":"has-post-thumbnail","6":"product_cat-capa-flor","7":"product_cat-samplers","9":"first","10":"instock","11":"featured","12":"taxable","13":"shipping-taxable","14":"purchasable","15":"product-type-simple"},"_links":{"self":[{"href":"https:\/\/noblehouse.com.mx\/ntc\/wp-json\/wp\/v2\/product\/617","targetHints":{"allow":["GET"]}}],"collection":[{"href":"https:\/\/noblehouse.com.mx\/ntc\/wp-json\/wp\/v2\/product"}],"about":[{"href":"https:\/\/noblehouse.com.mx\/ntc\/wp-json\/wp\/v2\/types\/product"}],"replies":[{"embeddable":true,"href":"https:\/\/noblehouse.com.mx\/ntc\/wp-json\/wp\/v2\/comments?post=617"}],"wp:featuredmedia":[{"embeddable":true,"href":"https:\/\/noblehouse.com.mx\/ntc\/wp-json\/wp\/v2\/media\/996"}],"wp:attachment":[{"href":"https:\/\/noblehouse.com.mx\/ntc\/wp-json\/wp\/v2\/media?parent=617"}],"wp:term":[{"taxonomy":"product_brand","embeddable":true,"href":"https:\/\/noblehouse.com.mx\/ntc\/wp-json\/wp\/v2\/product_brand?post=617"},{"taxonomy":"product_cat","embeddable":true,"href":"https:\/\/noblehouse.com.mx\/ntc\/wp-json\/wp\/v2\/product_cat?post=617"},{"taxonomy":"product_tag","embeddable":true,"href":"https:\/\/noblehouse.com.mx\/ntc\/wp-json\/wp\/v2\/product_tag?post=617"}],"curies":[{"name":"wp","href":"https:\/\/api.w.org\/{rel}","templated":true}]}}