{"id":602,"date":"2020-08-20T15:20:36","date_gmt":"2020-08-20T20:20:36","guid":{"rendered":"https:\/\/www.noblehouse.com.mx\/grangaleraclub\/producto\/la-casta-sampler-short-robusto-respaldo-con-3-puros-y-corta-puros-fyl-cp17\/"},"modified":"2026-03-05T16:45:26","modified_gmt":"2026-03-05T22:45:26","slug":"la-casta-sampler-short-robusto-respaldo-con-3-puros-y-corta-puros","status":"publish","type":"product","link":"https:\/\/noblehouse.com.mx\/ntc\/producto\/la-casta-sampler-short-robusto-respaldo-con-3-puros-y-corta-puros\/","title":{"rendered":"LA CASTA SAMPLER SHORT ROBUSTO RESPALDO CON 3 PUROS Y CORTA PUROS"},"content":{"rendered":"<p>Es la fusi\u00f3n de sabidur\u00eda, de una larga tradici\u00f3n en la manufactura de puros y la siembra del tabaco, que por generaciones se ha preservado y que ahora deja su legado en nuestra orgullosa marca de tres l\u00edneas de puros, cada una de ellas con una mezcla de tabacos cuidadosamente seleccionados y con un sabor muy particular que, como concepto representan cada una de las castas surgidas del encuentro entre las razas del mundo: mestizo, mulato y criollo.<\/p>\n<p>Cada uno de los puros la casta posee un sabor de medio a fuerte, lleno de matices evidentes, que estamos seguros conquistar\u00e1 el paladar del conocedor m\u00e1s exigente con cada una de sus l\u00edneas.<\/p>\n<table width=\"757\">\n<tbody>\n<tr>\n<td width=\"64\"><\/td>\n<td width=\"172\"><strong>La Casta Mulato<\/strong><\/td>\n<td width=\"349\"><strong>La Casta Mestizo<\/strong><\/td>\n<td width=\"172\"><strong>La Casta Criollo<\/strong><\/td>\n<\/tr>\n<tr>\n<td><strong>Vitola<\/strong><\/td>\n<td>4 x 50<\/td>\n<td>4 x 50<\/td>\n<td>4 x 50<\/td>\n<\/tr>\n<tr>\n<td><strong>Tripa<\/strong><\/td>\n<td>Viso de Esteli Nicaragua y Maduro San Andres<\/td>\n<td>Viso de Esteli Nicaragua y Maduro San Andres<\/td>\n<td>\u00a0Viso de Esteli Nicaragua y Maduro San Andres<\/td>\n<\/tr>\n<tr>\n<td><strong>Banda<\/strong><\/td>\n<td>Maduro San Andr\u00e9s<\/td>\n<td>Maduro San Andr\u00e9s<\/td>\n<td>Maduro San Andres<\/td>\n<\/tr>\n<tr>\n<td><strong>Capa<\/strong><\/td>\n<td>Maduro San Andr\u00e9s<\/td>\n<td>Sumatra<\/td>\n<td>\u00a0Criollo San Andres<\/td>\n<\/tr>\n<tr>\n<td><strong>Fortaleza<\/strong><\/td>\n<td>Medio a Fuerte<\/td>\n<td>Medio a Fuerte<\/td>\n<td>Medio a Fuerte<\/td>\n<\/tr>\n<\/tbody>\n<\/table>\n<p>&nbsp;<\/p>\n","protected":false},"excerpt":{"rendered":"<p>Es la fusi\u00f3n de sabidur\u00eda, de una larga tradici\u00f3n en la manufactura de puros y la siembra del tabaco, que por generaciones se ha preservado y que ahora deja su legado en nuestra orgullosa marca de tres l\u00edneas de puros, cada una de ellas con una mezcla de tabacos cuidadosamente seleccionados y con un sabor [&#8230;]\n","protected":false},"featured_media":8086,"comment_status":"open","ping_status":"closed","template":"","meta":[],"product_brand":[],"product_cat":[82,105],"product_tag":[],"class_list":{"0":"post-602","1":"product","2":"type-product","3":"status-publish","4":"has-post-thumbnail","6":"product_cat-la-casta","7":"product_cat-samplers","9":"first","10":"instock","11":"featured","12":"taxable","13":"shipping-taxable","14":"purchasable","15":"product-type-simple"},"_links":{"self":[{"href":"https:\/\/noblehouse.com.mx\/ntc\/wp-json\/wp\/v2\/product\/602","targetHints":{"allow":["GET"]}}],"collection":[{"href":"https:\/\/noblehouse.com.mx\/ntc\/wp-json\/wp\/v2\/product"}],"about":[{"href":"https:\/\/noblehouse.com.mx\/ntc\/wp-json\/wp\/v2\/types\/product"}],"replies":[{"embeddable":true,"href":"https:\/\/noblehouse.com.mx\/ntc\/wp-json\/wp\/v2\/comments?post=602"}],"wp:featuredmedia":[{"embeddable":true,"href":"https:\/\/noblehouse.com.mx\/ntc\/wp-json\/wp\/v2\/media\/8086"}],"wp:attachment":[{"href":"https:\/\/noblehouse.com.mx\/ntc\/wp-json\/wp\/v2\/media?parent=602"}],"wp:term":[{"taxonomy":"product_brand","embeddable":true,"href":"https:\/\/noblehouse.com.mx\/ntc\/wp-json\/wp\/v2\/product_brand?post=602"},{"taxonomy":"product_cat","embeddable":true,"href":"https:\/\/noblehouse.com.mx\/ntc\/wp-json\/wp\/v2\/product_cat?post=602"},{"taxonomy":"product_tag","embeddable":true,"href":"https:\/\/noblehouse.com.mx\/ntc\/wp-json\/wp\/v2\/product_tag?post=602"}],"curies":[{"name":"wp","href":"https:\/\/api.w.org\/{rel}","templated":true}]}}