{"id":577,"date":"2020-08-22T19:53:47","date_gmt":"2020-08-23T00:53:47","guid":{"rendered":"https:\/\/www.noblehouse.com.mx\/grangaleraclub\/producto\/premium-sampler-5x50-10-cigars\/"},"modified":"2026-03-26T06:26:50","modified_gmt":"2026-03-26T12:26:50","slug":"premium-super-sampler-robustos-10-puros","status":"publish","type":"product","link":"https:\/\/noblehouse.com.mx\/ntc\/producto\/premium-super-sampler-robustos-10-puros\/","title":{"rendered":"PREMIUM SUPER SAMPLER ROBUSTOS (10 PUROS)"},"content":{"rendered":"<p>Una colecci\u00f3n maestra de Nuestras Marcas de Puros Premium, que fueron hechos a mano por nuestros Maestros Roladores. Obtendr\u00e1 10 de nuestras marcas PREMIUM m\u00e1s vendidas, fortalezas desde Media y Media-Fuerte, complejidad de sabores y aromas. Una Experiencia Completa!<\/p>\n<table width=\"1633\">\n<tbody>\n<tr>\n<td width=\"279\"><strong>Marca<\/strong><\/td>\n<td width=\"44\"><strong>Vitola<\/strong><\/td>\n<td width=\"541\"><strong>Tripa<\/strong><\/td>\n<td width=\"325\"><strong>Banda<\/strong><\/td>\n<td width=\"343\"><strong>Capa<\/strong><\/td>\n<td width=\"101\"><strong>Fortaleza<\/strong><\/td>\n<\/tr>\n<tr>\n<td><strong><em>Santa Clara 1830<\/em><\/strong><\/td>\n<td>5 x 50<\/td>\n<td>San Andres y Nicaragua<\/td>\n<td>San Andres Morron Limpio<\/td>\n<td>Capa Fina Rosada de San Andres<\/td>\n<td>Medio<\/td>\n<\/tr>\n<tr>\n<td><strong><em>Santa Clara 1830 Gran Reserva<\/em><\/strong><\/td>\n<td>5 x 50<\/td>\n<td>Piloto Cubano y Tripa de San andres Reserva<\/td>\n<td>Morr\u00f3n Reserva San Andres<\/td>\n<td>Capa Fina (Rosado Claro)<\/td>\n<td>Medio<\/td>\n<\/tr>\n<tr>\n<td><strong><em>Santa Clara 1830 Medio Siglo Triple Maduro<\/em><\/strong><\/td>\n<td>5 x 50<\/td>\n<td>Medio tiempo Criollo San Andres, Ligero Criollo San Andres y Viso Havano Nicaragua<\/td>\n<td>Morron Oscuro Criollo San Andres<\/td>\n<td>Criollo San Andres<\/td>\n<td>Medio a Fuerte<\/td>\n<\/tr>\n<tr>\n<td><strong><em>Santa Clara 1830 Special Edition<\/em><\/strong><\/td>\n<td>5 x 50<\/td>\n<td>Selecci\u00f3n de Tabacos y Ligero de San Andres<\/td>\n<td>Banda Suprema Criolla de San Andres<\/td>\n<td>Habano de Ecuador<\/td>\n<td>Medio<\/td>\n<\/tr>\n<tr>\n<td><strong><em>La Casta<\/em><\/strong><\/td>\n<td>5 x 50<\/td>\n<td>Viso de Estel\u00ed Nicaragua y Maduro San Andres<\/td>\n<td>Maduro San Andr\u00e9s<\/td>\n<td>Maduro San Andr\u00e9s<\/td>\n<td>Medio a Fuerte<\/td>\n<\/tr>\n<tr>\n<td><strong><em>Capa Flor Habano<\/em><\/strong><\/td>\n<td>5 x 50<\/td>\n<td>Viso de Esteli Nicaragua, Maduro San Andres y Habano<\/td>\n<td>Maduro San Andr\u00e9s<\/td>\n<td>Habano de Ecuador<\/td>\n<td>Medio a Fuerte<\/td>\n<\/tr>\n<tr>\n<td><strong><em>Capa Flor Connecticut<\/em><\/strong><\/td>\n<td>5 x 50<\/td>\n<td>Viso de Esteli Nicaragua, Maduro San Andres y Habano<\/td>\n<td>Maduro San Andr\u00e9s<\/td>\n<td>Connecticut de Ecuador<\/td>\n<td>Medio a Fuerte<\/td>\n<\/tr>\n<tr>\n<td><strong><em>Capa Flor Maduro<\/em><\/strong><\/td>\n<td>5 x 50<\/td>\n<td>Viso de Esteli Nicaragua, Maduro San Andres y Habano<\/td>\n<td>Maduro San Andr\u00e9s<\/td>\n<td>San Andres Maduro<\/td>\n<td>Medio a Fuerte<\/td>\n<\/tr>\n<tr>\n<td><strong><em>Aromas de San Andres<\/em><\/strong><\/td>\n<td>5 x 50<\/td>\n<td>Mezcla de Tabaco Criollo San Andr\u00e9s<\/td>\n<td>San Andres Morr\u00f3n Obscuro<\/td>\n<td>Capa Firna Clara San Andr\u00e9s<\/td>\n<td>Suave a Medio<\/td>\n<\/tr>\n<tr>\n<td><strong><em>Madrigal Picador<\/em><\/strong><\/td>\n<td>5 x 50<\/td>\n<td>3 A\u00f1os de A\u00f1ejamiento, Tabaco de San Andr\u00e9s<\/td>\n<td>2 A\u00f1os de A\u00f1ejamiento, Morr\u00f3n Limpio San andr\u00e9s<\/td>\n<td>2 A\u00f1os de A\u00f1ejamiento, Capa Fina Rosada San Andr\u00e9s<\/td>\n<td>Medio<\/td>\n<\/tr>\n<\/tbody>\n<\/table>\n<p>&nbsp;<\/p>\n","protected":false},"excerpt":{"rendered":"<p>Una colecci\u00f3n maestra de Nuestras Marcas de Puros Premium, que fueron hechos a mano por nuestros Maestros Roladores. Obtendr\u00e1 10 de nuestras marcas PREMIUM m\u00e1s vendidas, fortalezas desde Media y Media-Fuerte, complejidad de sabores y aromas. Una Experiencia Completa! Marca Vitola Tripa Banda Capa Fortaleza Santa Clara 1830 5 x 50 San Andres y Nicaragua [&#8230;]\n","protected":false},"featured_media":2095,"comment_status":"open","ping_status":"closed","template":"","meta":[],"product_brand":[],"product_cat":[108,105,80],"product_tag":[106],"class_list":{"0":"post-577","1":"product","2":"type-product","3":"status-publish","4":"has-post-thumbnail","6":"product_cat-ofertas","7":"product_cat-samplers","8":"product_cat-santa-clara-1830","9":"product_tag-ofertas","11":"first","12":"outofstock","13":"sale","14":"featured","15":"taxable","16":"shipping-taxable","17":"purchasable","18":"product-type-simple"},"_links":{"self":[{"href":"https:\/\/noblehouse.com.mx\/ntc\/wp-json\/wp\/v2\/product\/577","targetHints":{"allow":["GET"]}}],"collection":[{"href":"https:\/\/noblehouse.com.mx\/ntc\/wp-json\/wp\/v2\/product"}],"about":[{"href":"https:\/\/noblehouse.com.mx\/ntc\/wp-json\/wp\/v2\/types\/product"}],"replies":[{"embeddable":true,"href":"https:\/\/noblehouse.com.mx\/ntc\/wp-json\/wp\/v2\/comments?post=577"}],"wp:featuredmedia":[{"embeddable":true,"href":"https:\/\/noblehouse.com.mx\/ntc\/wp-json\/wp\/v2\/media\/2095"}],"wp:attachment":[{"href":"https:\/\/noblehouse.com.mx\/ntc\/wp-json\/wp\/v2\/media?parent=577"}],"wp:term":[{"taxonomy":"product_brand","embeddable":true,"href":"https:\/\/noblehouse.com.mx\/ntc\/wp-json\/wp\/v2\/product_brand?post=577"},{"taxonomy":"product_cat","embeddable":true,"href":"https:\/\/noblehouse.com.mx\/ntc\/wp-json\/wp\/v2\/product_cat?post=577"},{"taxonomy":"product_tag","embeddable":true,"href":"https:\/\/noblehouse.com.mx\/ntc\/wp-json\/wp\/v2\/product_tag?post=577"}],"curies":[{"name":"wp","href":"https:\/\/api.w.org\/{rel}","templated":true}]}}