{"id":5748,"date":"2023-12-12T11:05:51","date_gmt":"2023-12-12T17:05:51","guid":{"rendered":"https:\/\/noblehouse.com.mx\/ntc\/?post_type=product&#038;p=5748"},"modified":"2026-03-05T16:45:47","modified_gmt":"2026-03-05T22:45:47","slug":"cava-de-madera-para-5-botellas-de-vino","status":"publish","type":"product","link":"https:\/\/noblehouse.com.mx\/ntc\/producto\/cava-de-madera-para-5-botellas-de-vino\/","title":{"rendered":"CAVA DE MADERA  PARA 5 BOTELLAS DE VINO"},"content":{"rendered":"<p>CAVA PARA VINO, FABRICADA DE MADERA, ROBUSTO Y DURADERO EN USO.<br \/>\nEXHIBIDOR COLOR ROJO VINO OBSCURO, TIENE LA CAPACIDAD PARA 5 BOTELLAS. LOS MUESTRA EN LA POSICI\u00d3N HORIZONTAL PREFERIDA PARA MANTENER LOS CORCHOS H\u00daMEDOS Y FACILITAR SU IDENTIFICACI\u00d3N.<\/p>\n","protected":false},"excerpt":{"rendered":"<p>CAVA PARA VINO, FABRICADA DE MADERA, ROBUSTO Y DURADERO EN USO. EXHIBIDOR COLOR ROJO VINO OBSCURO, TIENE LA CAPACIDAD PARA 5 BOTELLAS. LOS MUESTRA EN LA POSICI\u00d3N HORIZONTAL PREFERIDA PARA MANTENER LOS CORCHOS H\u00daMEDOS Y FACILITAR SU IDENTIFICACI\u00d3N.<\/p>\n","protected":false},"featured_media":5749,"comment_status":"closed","ping_status":"closed","template":"","meta":[],"product_brand":[],"product_cat":[126,127,133],"product_tag":[],"class_list":{"0":"post-5748","1":"product","2":"type-product","3":"status-publish","4":"has-post-thumbnail","6":"product_cat-bar","7":"product_cat-cavas","8":"product_cat-novedades","10":"first","11":"instock","12":"taxable","13":"shipping-taxable","14":"purchasable","15":"product-type-simple"},"_links":{"self":[{"href":"https:\/\/noblehouse.com.mx\/ntc\/wp-json\/wp\/v2\/product\/5748","targetHints":{"allow":["GET"]}}],"collection":[{"href":"https:\/\/noblehouse.com.mx\/ntc\/wp-json\/wp\/v2\/product"}],"about":[{"href":"https:\/\/noblehouse.com.mx\/ntc\/wp-json\/wp\/v2\/types\/product"}],"replies":[{"embeddable":true,"href":"https:\/\/noblehouse.com.mx\/ntc\/wp-json\/wp\/v2\/comments?post=5748"}],"wp:featuredmedia":[{"embeddable":true,"href":"https:\/\/noblehouse.com.mx\/ntc\/wp-json\/wp\/v2\/media\/5749"}],"wp:attachment":[{"href":"https:\/\/noblehouse.com.mx\/ntc\/wp-json\/wp\/v2\/media?parent=5748"}],"wp:term":[{"taxonomy":"product_brand","embeddable":true,"href":"https:\/\/noblehouse.com.mx\/ntc\/wp-json\/wp\/v2\/product_brand?post=5748"},{"taxonomy":"product_cat","embeddable":true,"href":"https:\/\/noblehouse.com.mx\/ntc\/wp-json\/wp\/v2\/product_cat?post=5748"},{"taxonomy":"product_tag","embeddable":true,"href":"https:\/\/noblehouse.com.mx\/ntc\/wp-json\/wp\/v2\/product_tag?post=5748"}],"curies":[{"name":"wp","href":"https:\/\/api.w.org\/{rel}","templated":true}]}}