{"id":554,"date":"2020-07-22T19:52:50","date_gmt":"2020-07-23T00:52:50","guid":{"rendered":"https:\/\/www.noblehouse.com.mx\/grangaleraclub\/producto\/santa-clara-1830-chicos-estuche-con-10-puros-vainilla\/"},"modified":"2026-03-05T16:45:25","modified_gmt":"2026-03-05T22:45:25","slug":"santa-clara-1830-chicos-estuche-con-10-puros-vainilla","status":"publish","type":"product","link":"https:\/\/noblehouse.com.mx\/ntc\/producto\/santa-clara-1830-chicos-estuche-con-10-puros-vainilla\/","title":{"rendered":"SANTA CLARA 1830 CHICOS ESTUCHE CON 10 PUROS VAINILLA"},"content":{"rendered":"<p>CHICOS naci\u00f3 para crear algo diferente para la pr\u00f3xima generaci\u00f3n y es una nueva l\u00ednea de puros, que satisface las necesidades de moda, estatus, reconocimiento y prestigio de una manera \u00fanica y divertida.<\/p>\n<p>Siendo Chicos un producto innovador, dise\u00f1a un packaging que se describa f\u00e1cilmente en tres palabras: vanguardista, atractivo y actual.<\/p>\n<table width=\"236\">\n<tbody>\n<tr>\n<td width=\"64\"><strong>Vitola<\/strong><\/td>\n<td width=\"172\">3 5\/8 X 27<\/td>\n<\/tr>\n<tr>\n<td><strong>Tripa<\/strong><\/td>\n<td>Tripa corta de San Andr\u00e9s<\/td>\n<\/tr>\n<tr>\n<td><strong>Banda<\/strong><\/td>\n<td>HTL Tabaco Homogenizado<\/td>\n<\/tr>\n<tr>\n<td><strong>Fortaleza<\/strong><\/td>\n<td>Suave<\/td>\n<\/tr>\n<\/tbody>\n<\/table>\n","protected":false},"excerpt":{"rendered":"<p>CHICOS naci\u00f3 para crear algo diferente para la pr\u00f3xima generaci\u00f3n y es una nueva l\u00ednea de puros, que satisface las necesidades de moda, estatus, reconocimiento y prestigio de una manera \u00fanica y divertida. Siendo Chicos un producto innovador, dise\u00f1a un packaging que se describa f\u00e1cilmente en tres palabras: vanguardista, atractivo y actual. Vitola 3 5\/8 [&#8230;]\n","protected":false},"featured_media":2600,"comment_status":"open","ping_status":"closed","template":"","meta":[],"product_brand":[],"product_cat":[69,80],"product_tag":[],"class_list":{"0":"post-554","1":"product","2":"type-product","3":"status-publish","4":"has-post-thumbnail","6":"product_cat-puros","7":"product_cat-santa-clara-1830","9":"first","10":"instock","11":"taxable","12":"shipping-taxable","13":"purchasable","14":"product-type-simple"},"_links":{"self":[{"href":"https:\/\/noblehouse.com.mx\/ntc\/wp-json\/wp\/v2\/product\/554","targetHints":{"allow":["GET"]}}],"collection":[{"href":"https:\/\/noblehouse.com.mx\/ntc\/wp-json\/wp\/v2\/product"}],"about":[{"href":"https:\/\/noblehouse.com.mx\/ntc\/wp-json\/wp\/v2\/types\/product"}],"replies":[{"embeddable":true,"href":"https:\/\/noblehouse.com.mx\/ntc\/wp-json\/wp\/v2\/comments?post=554"}],"wp:featuredmedia":[{"embeddable":true,"href":"https:\/\/noblehouse.com.mx\/ntc\/wp-json\/wp\/v2\/media\/2600"}],"wp:attachment":[{"href":"https:\/\/noblehouse.com.mx\/ntc\/wp-json\/wp\/v2\/media?parent=554"}],"wp:term":[{"taxonomy":"product_brand","embeddable":true,"href":"https:\/\/noblehouse.com.mx\/ntc\/wp-json\/wp\/v2\/product_brand?post=554"},{"taxonomy":"product_cat","embeddable":true,"href":"https:\/\/noblehouse.com.mx\/ntc\/wp-json\/wp\/v2\/product_cat?post=554"},{"taxonomy":"product_tag","embeddable":true,"href":"https:\/\/noblehouse.com.mx\/ntc\/wp-json\/wp\/v2\/product_tag?post=554"}],"curies":[{"name":"wp","href":"https:\/\/api.w.org\/{rel}","templated":true}]}}