{"id":5505,"date":"2023-11-28T16:07:23","date_gmt":"2023-11-28T22:07:23","guid":{"rendered":"https:\/\/noblehouse.com.mx\/ntc\/?post_type=product&#038;p=5505"},"modified":"2026-03-05T16:45:43","modified_gmt":"2026-03-05T22:45:43","slug":"humidor-de-viaje-estilo-folder-pu-color-cafe","status":"publish","type":"product","link":"https:\/\/noblehouse.com.mx\/ntc\/producto\/humidor-de-viaje-estilo-folder-pu-color-cafe\/","title":{"rendered":"HUMIDOR DE VIAJE ESTILO FOLDER PU COLOR CAF\u00c9"},"content":{"rendered":"<p>Humidor para viajes, dise\u00f1o de folder, recubierto de pu color caf\u00e9 (de piel sint\u00e9tica) con costura blanca en bordes y detalles de accesorios en color dorado, interior de madera.<\/p>\n<p>Incluye: higr\u00f3metro, sistema de humidificaci\u00f3n y separador de madera.<br \/>\nTapa con sellado de im\u00e1n.<br \/>\n-Capacidad de 8 a 16 puros a tope \/ vitola churchill<\/p>\n<p>&nbsp;<\/p>\n<p>&nbsp;<\/p>\n","protected":false},"excerpt":{"rendered":"<p>Humidor para viajes, dise\u00f1o de folder, recubierto de pu color caf\u00e9 (de piel sint\u00e9tica) con costura blanca en bordes y detalles de accesorios en color dorado, interior de madera. Incluye: higr\u00f3metro, sistema de humidificaci\u00f3n y separador de madera. Tapa con sellado de im\u00e1n. -Capacidad de 8 a 16 puros a tope \/ vitola churchill &nbsp; [&#8230;]\n","protected":false},"featured_media":5506,"comment_status":"closed","ping_status":"closed","template":"","meta":[],"product_brand":[],"product_cat":[100],"product_tag":[],"class_list":{"0":"post-5505","1":"product","2":"type-product","3":"status-publish","4":"has-post-thumbnail","6":"product_cat-humidores","8":"first","9":"outofstock","10":"taxable","11":"shipping-taxable","12":"purchasable","13":"product-type-simple"},"_links":{"self":[{"href":"https:\/\/noblehouse.com.mx\/ntc\/wp-json\/wp\/v2\/product\/5505","targetHints":{"allow":["GET"]}}],"collection":[{"href":"https:\/\/noblehouse.com.mx\/ntc\/wp-json\/wp\/v2\/product"}],"about":[{"href":"https:\/\/noblehouse.com.mx\/ntc\/wp-json\/wp\/v2\/types\/product"}],"replies":[{"embeddable":true,"href":"https:\/\/noblehouse.com.mx\/ntc\/wp-json\/wp\/v2\/comments?post=5505"}],"wp:featuredmedia":[{"embeddable":true,"href":"https:\/\/noblehouse.com.mx\/ntc\/wp-json\/wp\/v2\/media\/5506"}],"wp:attachment":[{"href":"https:\/\/noblehouse.com.mx\/ntc\/wp-json\/wp\/v2\/media?parent=5505"}],"wp:term":[{"taxonomy":"product_brand","embeddable":true,"href":"https:\/\/noblehouse.com.mx\/ntc\/wp-json\/wp\/v2\/product_brand?post=5505"},{"taxonomy":"product_cat","embeddable":true,"href":"https:\/\/noblehouse.com.mx\/ntc\/wp-json\/wp\/v2\/product_cat?post=5505"},{"taxonomy":"product_tag","embeddable":true,"href":"https:\/\/noblehouse.com.mx\/ntc\/wp-json\/wp\/v2\/product_tag?post=5505"}],"curies":[{"name":"wp","href":"https:\/\/api.w.org\/{rel}","templated":true}]}}