{"id":510,"date":"2020-07-22T19:50:27","date_gmt":"2020-07-23T00:50:27","guid":{"rendered":"https:\/\/www.noblehouse.com.mx\/grangaleraclub\/producto\/santa-clara-1830-magnum-caja-con-1-puro\/"},"modified":"2026-03-05T16:45:24","modified_gmt":"2026-03-05T22:45:24","slug":"santa-clara-1830-magnum-caja-con-1-puro","status":"publish","type":"product","link":"https:\/\/noblehouse.com.mx\/ntc\/producto\/santa-clara-1830-magnum-caja-con-1-puro\/","title":{"rendered":"SANTA CLARA 1830 MAGNUM CAJA CON 1 PURO"},"content":{"rendered":"<p>Desde 1985 comercializamos el puro m\u00e1s grande del mundo con 48.26 cent\u00edmetros de longitud. <strong>MAGNUM <\/strong>es el nombre de este sorprendente puro de colecci\u00f3n 100% hecho a mano. Empaquetado individualmente en una caja de cedro, sin duda alguna un gran regalo para un gran conocedor. Seguimos rompiendo records.<\/p>\n<table width=\"236\">\n<tbody>\n<tr>\n<td width=\"64\"><strong>Vitola<\/strong><\/td>\n<td width=\"172\">19 X 52<\/td>\n<\/tr>\n<tr>\n<td><strong>Tripa<\/strong><\/td>\n<td>San Andr\u00e9s y Nicaragua<\/td>\n<\/tr>\n<tr>\n<td><strong>Banda<\/strong><\/td>\n<td>San Andr\u00e9s Morr\u00f3n Limpio<\/td>\n<\/tr>\n<tr>\n<td><strong>Capa<\/strong><\/td>\n<td>Fina rosada de San Andr\u00e9s<\/td>\n<\/tr>\n<tr>\n<td><strong>Fortaleza<\/strong><\/td>\n<td>Medio<\/td>\n<\/tr>\n<\/tbody>\n<\/table>\n","protected":false},"excerpt":{"rendered":"<p>Desde 1985 comercializamos el puro m\u00e1s grande del mundo con 48.26 cent\u00edmetros de longitud. MAGNUM es el nombre de este sorprendente puro de colecci\u00f3n 100% hecho a mano. Empaquetado individualmente en una caja de cedro, sin duda alguna un gran regalo para un gran conocedor. Seguimos rompiendo records. Vitola 19 X 52 Tripa San Andr\u00e9s [&#8230;]\n","protected":false},"featured_media":1842,"comment_status":"open","ping_status":"closed","template":"","meta":[],"product_brand":[],"product_cat":[80],"product_tag":[],"class_list":{"0":"post-510","1":"product","2":"type-product","3":"status-publish","4":"has-post-thumbnail","6":"product_cat-santa-clara-1830","8":"first","9":"instock","10":"featured","11":"taxable","12":"shipping-taxable","13":"purchasable","14":"product-type-simple"},"_links":{"self":[{"href":"https:\/\/noblehouse.com.mx\/ntc\/wp-json\/wp\/v2\/product\/510","targetHints":{"allow":["GET"]}}],"collection":[{"href":"https:\/\/noblehouse.com.mx\/ntc\/wp-json\/wp\/v2\/product"}],"about":[{"href":"https:\/\/noblehouse.com.mx\/ntc\/wp-json\/wp\/v2\/types\/product"}],"replies":[{"embeddable":true,"href":"https:\/\/noblehouse.com.mx\/ntc\/wp-json\/wp\/v2\/comments?post=510"}],"wp:featuredmedia":[{"embeddable":true,"href":"https:\/\/noblehouse.com.mx\/ntc\/wp-json\/wp\/v2\/media\/1842"}],"wp:attachment":[{"href":"https:\/\/noblehouse.com.mx\/ntc\/wp-json\/wp\/v2\/media?parent=510"}],"wp:term":[{"taxonomy":"product_brand","embeddable":true,"href":"https:\/\/noblehouse.com.mx\/ntc\/wp-json\/wp\/v2\/product_brand?post=510"},{"taxonomy":"product_cat","embeddable":true,"href":"https:\/\/noblehouse.com.mx\/ntc\/wp-json\/wp\/v2\/product_cat?post=510"},{"taxonomy":"product_tag","embeddable":true,"href":"https:\/\/noblehouse.com.mx\/ntc\/wp-json\/wp\/v2\/product_tag?post=510"}],"curies":[{"name":"wp","href":"https:\/\/api.w.org\/{rel}","templated":true}]}}