{"id":4937,"date":"2023-08-10T18:14:49","date_gmt":"2023-08-11T00:14:49","guid":{"rendered":"https:\/\/noblehouse.com.mx\/ntc\/producto\/humidor-mini-vitrina-de-madera-color-caoba-rojizo-con-3-compartimentos-con-llave-para-100-puros\/"},"modified":"2026-03-05T16:45:42","modified_gmt":"2026-03-05T22:45:42","slug":"humidor-mini-vitrina-de-madera-color-caoba-rojizo-con-3-compartimentos-con-llave-para-100-puros","status":"publish","type":"product","link":"https:\/\/noblehouse.com.mx\/ntc\/producto\/humidor-mini-vitrina-de-madera-color-caoba-rojizo-con-3-compartimentos-con-llave-para-100-puros\/","title":{"rendered":"HUMIDOR MINI VITRINA DE MADERA COLOR CAOBA ROJIZO CON 3 COMPARTIMENTOS CON LLAVE PARA 100 PUROS"},"content":{"rendered":"<p>Disfruta de la nueva Vitrina Humidor Park Lane en la comodidad de tu Hogar, este nuevo producto est\u00e1 dise\u00f1ado especialmente para resguardar sus puros favoritos y manteniendo en perfecto estado su aroma y sabor al poder monitorear la temperatura necesaria por medio de su preciso higr\u00f3metro. Su dise\u00f1o elegante es sello de la prestigiada marca Park Lane, la cual cuenta con productos de calidad de Exportaci\u00f3n.<\/p>\n","protected":false},"excerpt":{"rendered":"<p>Disfruta de la nueva Vitrina Humidor Park Lane en la comodidad de tu Hogar, este nuevo producto est\u00e1 dise\u00f1ado especialmente para resguardar sus puros favoritos y manteniendo en perfecto estado su aroma y sabor al poder monitorear la temperatura necesaria por medio de su preciso higr\u00f3metro. Su dise\u00f1o elegante es sello de la prestigiada marca [&#8230;]\n","protected":false},"featured_media":4933,"comment_status":"closed","ping_status":"closed","template":"","meta":[],"product_brand":[],"product_cat":[100],"product_tag":[],"class_list":{"0":"post-4937","1":"product","2":"type-product","3":"status-publish","4":"has-post-thumbnail","6":"product_cat-humidores","8":"first","9":"instock","10":"taxable","11":"shipping-taxable","12":"purchasable","13":"product-type-simple"},"_links":{"self":[{"href":"https:\/\/noblehouse.com.mx\/ntc\/wp-json\/wp\/v2\/product\/4937","targetHints":{"allow":["GET"]}}],"collection":[{"href":"https:\/\/noblehouse.com.mx\/ntc\/wp-json\/wp\/v2\/product"}],"about":[{"href":"https:\/\/noblehouse.com.mx\/ntc\/wp-json\/wp\/v2\/types\/product"}],"replies":[{"embeddable":true,"href":"https:\/\/noblehouse.com.mx\/ntc\/wp-json\/wp\/v2\/comments?post=4937"}],"wp:featuredmedia":[{"embeddable":true,"href":"https:\/\/noblehouse.com.mx\/ntc\/wp-json\/wp\/v2\/media\/4933"}],"wp:attachment":[{"href":"https:\/\/noblehouse.com.mx\/ntc\/wp-json\/wp\/v2\/media?parent=4937"}],"wp:term":[{"taxonomy":"product_brand","embeddable":true,"href":"https:\/\/noblehouse.com.mx\/ntc\/wp-json\/wp\/v2\/product_brand?post=4937"},{"taxonomy":"product_cat","embeddable":true,"href":"https:\/\/noblehouse.com.mx\/ntc\/wp-json\/wp\/v2\/product_cat?post=4937"},{"taxonomy":"product_tag","embeddable":true,"href":"https:\/\/noblehouse.com.mx\/ntc\/wp-json\/wp\/v2\/product_tag?post=4937"}],"curies":[{"name":"wp","href":"https:\/\/api.w.org\/{rel}","templated":true}]}}