{"id":4700,"date":"2023-06-12T15:37:27","date_gmt":"2023-06-12T20:37:27","guid":{"rendered":"https:\/\/noblehouse.com.mx\/ntc\/?post_type=product&#038;p=4700"},"modified":"2026-03-05T16:45:40","modified_gmt":"2026-03-05T22:45:40","slug":"cortapuros-rombo-doble-accion-color-azul-rin-50","status":"publish","type":"product","link":"https:\/\/noblehouse.com.mx\/ntc\/producto\/cortapuros-rombo-doble-accion-color-azul-rin-50\/","title":{"rendered":"CORTAPUROS ROMBO DOBLE ACCION COLOR AZUL RIN 50"},"content":{"rendered":"<p>Tabak Club te ofrece gran variedad de modelos de cortapuros para que tu experiencia con los puros sea \u00fanica.<br \/>\nCortapuros de pl\u00e1stico doble acci\u00f3n color amarillo con dise\u00f1o triangular en el sujetador, f\u00e1cil de transportar y usar en cualquier momento realizando un corte limpio y uniforme al puro.<\/p>\n","protected":false},"excerpt":{"rendered":"<p><strong>Material: <\/strong>Acero Inoxidable<\/p>\n<p><strong>Color: <\/strong>Azul<\/p>\n","protected":false},"featured_media":4701,"comment_status":"open","ping_status":"closed","template":"","meta":[],"product_brand":[],"product_cat":[92],"product_tag":[],"class_list":{"0":"post-4700","1":"product","2":"type-product","3":"status-publish","4":"has-post-thumbnail","6":"product_cat-accesorios","8":"first","9":"outofstock","10":"taxable","11":"shipping-taxable","12":"purchasable","13":"product-type-simple"},"_links":{"self":[{"href":"https:\/\/noblehouse.com.mx\/ntc\/wp-json\/wp\/v2\/product\/4700","targetHints":{"allow":["GET"]}}],"collection":[{"href":"https:\/\/noblehouse.com.mx\/ntc\/wp-json\/wp\/v2\/product"}],"about":[{"href":"https:\/\/noblehouse.com.mx\/ntc\/wp-json\/wp\/v2\/types\/product"}],"replies":[{"embeddable":true,"href":"https:\/\/noblehouse.com.mx\/ntc\/wp-json\/wp\/v2\/comments?post=4700"}],"wp:featuredmedia":[{"embeddable":true,"href":"https:\/\/noblehouse.com.mx\/ntc\/wp-json\/wp\/v2\/media\/4701"}],"wp:attachment":[{"href":"https:\/\/noblehouse.com.mx\/ntc\/wp-json\/wp\/v2\/media?parent=4700"}],"wp:term":[{"taxonomy":"product_brand","embeddable":true,"href":"https:\/\/noblehouse.com.mx\/ntc\/wp-json\/wp\/v2\/product_brand?post=4700"},{"taxonomy":"product_cat","embeddable":true,"href":"https:\/\/noblehouse.com.mx\/ntc\/wp-json\/wp\/v2\/product_cat?post=4700"},{"taxonomy":"product_tag","embeddable":true,"href":"https:\/\/noblehouse.com.mx\/ntc\/wp-json\/wp\/v2\/product_tag?post=4700"}],"curies":[{"name":"wp","href":"https:\/\/api.w.org\/{rel}","templated":true}]}}