{"id":4414,"date":"2023-03-10T17:46:57","date_gmt":"2023-03-10T23:46:57","guid":{"rendered":"https:\/\/noblehouse.com.mx\/ntc\/?post_type=product&#038;p=4414"},"modified":"2026-03-05T16:45:40","modified_gmt":"2026-03-05T22:45:40","slug":"purera-estuche-color-cafe-con-3-compartimentos","status":"publish","type":"product","link":"https:\/\/noblehouse.com.mx\/ntc\/producto\/purera-estuche-color-cafe-con-3-compartimentos\/","title":{"rendered":"PURERA ESTUCHE COLOR CAF\u00c9 CON 3 COMPARTIMENTOS"},"content":{"rendered":"<p>Purera dise\u00f1o estuche color caf\u00e9 con 3 compartimentos con tres broches dando mejor cuidado para preservar el sabor y aromas de tus puros haci\u00e9ndolo f\u00e1cil de transportar para cualquier momento.<\/p>\n","protected":false},"excerpt":{"rendered":"<p><strong>Marca:<\/strong> Park Lane<br \/>\n<strong>Color: <\/strong>Caf\u00e9<br \/>\n<strong>Material:<\/strong> Piel<\/p>\n<p>&nbsp;<\/p>\n","protected":false},"featured_media":4416,"comment_status":"open","ping_status":"closed","template":"","meta":[],"product_brand":[],"product_cat":[92,93],"product_tag":[],"class_list":{"0":"post-4414","1":"product","2":"type-product","3":"status-publish","4":"has-post-thumbnail","6":"product_cat-accesorios","7":"product_cat-pureras-y-tabaqueras","9":"first","10":"instock","11":"taxable","12":"shipping-taxable","13":"purchasable","14":"product-type-simple"},"_links":{"self":[{"href":"https:\/\/noblehouse.com.mx\/ntc\/wp-json\/wp\/v2\/product\/4414","targetHints":{"allow":["GET"]}}],"collection":[{"href":"https:\/\/noblehouse.com.mx\/ntc\/wp-json\/wp\/v2\/product"}],"about":[{"href":"https:\/\/noblehouse.com.mx\/ntc\/wp-json\/wp\/v2\/types\/product"}],"replies":[{"embeddable":true,"href":"https:\/\/noblehouse.com.mx\/ntc\/wp-json\/wp\/v2\/comments?post=4414"}],"wp:featuredmedia":[{"embeddable":true,"href":"https:\/\/noblehouse.com.mx\/ntc\/wp-json\/wp\/v2\/media\/4416"}],"wp:attachment":[{"href":"https:\/\/noblehouse.com.mx\/ntc\/wp-json\/wp\/v2\/media?parent=4414"}],"wp:term":[{"taxonomy":"product_brand","embeddable":true,"href":"https:\/\/noblehouse.com.mx\/ntc\/wp-json\/wp\/v2\/product_brand?post=4414"},{"taxonomy":"product_cat","embeddable":true,"href":"https:\/\/noblehouse.com.mx\/ntc\/wp-json\/wp\/v2\/product_cat?post=4414"},{"taxonomy":"product_tag","embeddable":true,"href":"https:\/\/noblehouse.com.mx\/ntc\/wp-json\/wp\/v2\/product_tag?post=4414"}],"curies":[{"name":"wp","href":"https:\/\/api.w.org\/{rel}","templated":true}]}}