{"id":441,"date":"2020-07-22T17:37:18","date_gmt":"2020-07-22T22:37:18","guid":{"rendered":"https:\/\/www.noblehouse.com.mx\/grangaleraclub\/producto\/es-un-nene-caja-individual\/"},"modified":"2026-03-05T16:45:22","modified_gmt":"2026-03-05T22:45:22","slug":"es-un-nene-caja-individual","status":"publish","type":"product","link":"https:\/\/noblehouse.com.mx\/ntc\/producto\/es-un-nene-caja-individual\/","title":{"rendered":"ES UN NENE CAJA INDIVIDUAL"},"content":{"rendered":"<p>Los puros de la marca, Es un nene, nace con la finalidad de compartir esos momentos de amor y felicidad que provoca el ser padres. Es un Nene, est\u00e1 dise\u00f1ada con la finalidad de compartir y formar lazos tras la llegada de un nuevo miembro, reflejando alegr\u00eda de una manera aut\u00e9ntica.<\/p>\n<p>Cuenta con una variada gama de puros presentadas mediante cajas, mazos e individuales, ideal para obsequiar en este momento tan especial, por qu\u00e9 no hay mejor manera de compartir el aroma de la vida que con un nene de Santa Clara 1830.<\/p>\n<table width=\"236\">\n<tbody>\n<tr>\n<td width=\"64\"><strong>Vitola<\/strong><\/td>\n<td width=\"172\">5 3\/4 x 40<\/td>\n<\/tr>\n<tr>\n<td><strong>Tripa<\/strong><\/td>\n<td>San Andres y Nicaragua<\/td>\n<\/tr>\n<tr>\n<td><strong>Banda<\/strong><\/td>\n<td>San Andres Marron Limpio<\/td>\n<\/tr>\n<tr>\n<td><strong>Capa<\/strong><\/td>\n<td>Fina Rosada de San Andres<\/td>\n<\/tr>\n<tr>\n<td><strong>Fortaleza<\/strong><\/td>\n<td>Medio<\/td>\n<\/tr>\n<\/tbody>\n<\/table>\n","protected":false},"excerpt":{"rendered":"<p>Los puros de la marca, Es un nene, nace con la finalidad de compartir esos momentos de amor y felicidad que provoca el ser padres. Es un Nene, est\u00e1 dise\u00f1ada con la finalidad de compartir y formar lazos tras la llegada de un nuevo miembro, reflejando alegr\u00eda de una manera aut\u00e9ntica. Cuenta con una variada [&#8230;]\n","protected":false},"featured_media":837,"comment_status":"open","ping_status":"closed","template":"","meta":[],"product_brand":[],"product_cat":[77],"product_tag":[],"class_list":{"0":"post-441","1":"product","2":"type-product","3":"status-publish","4":"has-post-thumbnail","6":"product_cat-es-un-nene","8":"first","9":"instock","10":"taxable","11":"shipping-taxable","12":"purchasable","13":"product-type-simple"},"_links":{"self":[{"href":"https:\/\/noblehouse.com.mx\/ntc\/wp-json\/wp\/v2\/product\/441","targetHints":{"allow":["GET"]}}],"collection":[{"href":"https:\/\/noblehouse.com.mx\/ntc\/wp-json\/wp\/v2\/product"}],"about":[{"href":"https:\/\/noblehouse.com.mx\/ntc\/wp-json\/wp\/v2\/types\/product"}],"replies":[{"embeddable":true,"href":"https:\/\/noblehouse.com.mx\/ntc\/wp-json\/wp\/v2\/comments?post=441"}],"wp:featuredmedia":[{"embeddable":true,"href":"https:\/\/noblehouse.com.mx\/ntc\/wp-json\/wp\/v2\/media\/837"}],"wp:attachment":[{"href":"https:\/\/noblehouse.com.mx\/ntc\/wp-json\/wp\/v2\/media?parent=441"}],"wp:term":[{"taxonomy":"product_brand","embeddable":true,"href":"https:\/\/noblehouse.com.mx\/ntc\/wp-json\/wp\/v2\/product_brand?post=441"},{"taxonomy":"product_cat","embeddable":true,"href":"https:\/\/noblehouse.com.mx\/ntc\/wp-json\/wp\/v2\/product_cat?post=441"},{"taxonomy":"product_tag","embeddable":true,"href":"https:\/\/noblehouse.com.mx\/ntc\/wp-json\/wp\/v2\/product_tag?post=441"}],"curies":[{"name":"wp","href":"https:\/\/api.w.org\/{rel}","templated":true}]}}