{"id":4210,"date":"2023-01-11T17:37:38","date_gmt":"2023-01-11T23:37:38","guid":{"rendered":"https:\/\/noblehouse.com.mx\/ntc\/?post_type=product&#038;p=4210"},"modified":"2026-03-05T16:45:39","modified_gmt":"2026-03-05T22:45:39","slug":"humidor-park-lane-talentos-mexicanos-negro-litografia-recuerdame","status":"publish","type":"product","link":"https:\/\/noblehouse.com.mx\/ntc\/producto\/humidor-park-lane-talentos-mexicanos-negro-litografia-recuerdame\/","title":{"rendered":"HUMIDOR PARK LANE TALENTOS MEXICANOS NEGRO LITOGRAFIA RECUERDAME"},"content":{"rendered":"<p>Humidor marca Park Lane edici\u00f3n Talentos Mexicanos, dise\u00f1o Recu\u00e9rdame, modelo de cortes rectos y acabado brillante, color negro para 50 puros. Broche y accesorios niquelados. Incluye higr\u00f3metro, sistema de humidificaci\u00f3n, separador de madera, l\u00edquido humidificador y cortapuros.<\/p>\n","protected":false},"excerpt":{"rendered":"<p>Humidor marca Park Lane edici\u00f3n Talentos Mexicanos, dise\u00f1o Recu\u00e9rdame, modelo de cortes rectos y acabado brillante, color negro para 50 puros. Broche y accesorios niquelados. Incluye higr\u00f3metro, sistema de humidificaci\u00f3n, separador de madera, l\u00edquido humidificador y cortapuros.<\/p>\n","protected":false},"featured_media":4211,"comment_status":"open","ping_status":"closed","template":"","meta":[],"product_brand":[],"product_cat":[100],"product_tag":[],"class_list":{"0":"post-4210","1":"product","2":"type-product","3":"status-publish","4":"has-post-thumbnail","6":"product_cat-humidores","8":"first","9":"instock","10":"taxable","11":"shipping-taxable","12":"purchasable","13":"product-type-simple"},"_links":{"self":[{"href":"https:\/\/noblehouse.com.mx\/ntc\/wp-json\/wp\/v2\/product\/4210","targetHints":{"allow":["GET"]}}],"collection":[{"href":"https:\/\/noblehouse.com.mx\/ntc\/wp-json\/wp\/v2\/product"}],"about":[{"href":"https:\/\/noblehouse.com.mx\/ntc\/wp-json\/wp\/v2\/types\/product"}],"replies":[{"embeddable":true,"href":"https:\/\/noblehouse.com.mx\/ntc\/wp-json\/wp\/v2\/comments?post=4210"}],"wp:featuredmedia":[{"embeddable":true,"href":"https:\/\/noblehouse.com.mx\/ntc\/wp-json\/wp\/v2\/media\/4211"}],"wp:attachment":[{"href":"https:\/\/noblehouse.com.mx\/ntc\/wp-json\/wp\/v2\/media?parent=4210"}],"wp:term":[{"taxonomy":"product_brand","embeddable":true,"href":"https:\/\/noblehouse.com.mx\/ntc\/wp-json\/wp\/v2\/product_brand?post=4210"},{"taxonomy":"product_cat","embeddable":true,"href":"https:\/\/noblehouse.com.mx\/ntc\/wp-json\/wp\/v2\/product_cat?post=4210"},{"taxonomy":"product_tag","embeddable":true,"href":"https:\/\/noblehouse.com.mx\/ntc\/wp-json\/wp\/v2\/product_tag?post=4210"}],"curies":[{"name":"wp","href":"https:\/\/api.w.org\/{rel}","templated":true}]}}