{"id":4107,"date":"2022-12-21T18:36:12","date_gmt":"2022-12-22T00:36:12","guid":{"rendered":"https:\/\/noblehouse.com.mx\/ntc\/producto\/humidor-park-lane-chico-ash-grey-para-30-puros-serie-natural-oils\/"},"modified":"2026-03-05T16:45:38","modified_gmt":"2026-03-05T22:45:38","slug":"humidor-park-lane-chico-ash-grey-para-30-puros-serie-natural-oils","status":"publish","type":"product","link":"https:\/\/noblehouse.com.mx\/ntc\/producto\/humidor-park-lane-chico-ash-grey-para-30-puros-serie-natural-oils\/","title":{"rendered":"HUMIDOR PARK LANE CHICO ASH GREY PARA 30 PUROS SERIE NATURAL OILS"},"content":{"rendered":"<p>Park Lane se ha hecho de un gran prestigio en el mercado del tabaco con la fabricaci\u00f3n de Humidores para puros. Modelos innovadores con gran diversidad en tonos y acabados han colocado a esta marca en lista de mayor renombre en el sector.<\/p>\n<p>Humidor marca Park Lane, serie Natural Oils color Ash Grey con capacidad para 30 puros, de cortes rectos, colorante a base de aceites naturales, amigable con la naturaleza. Broche y bisagras niquelados. Incluye higr\u00f3metro, sistema de humidificaci\u00f3n, corta puros, l\u00edquido humidificador, separador de madera e instructivo de uso.<\/p>\n","protected":false},"excerpt":{"rendered":"<p>Park Lane se ha hecho de un gran prestigio en el mercado del tabaco con la fabricaci\u00f3n de Humidores para puros. Modelos innovadores con gran diversidad en tonos y acabados han colocado a esta marca en lista de mayor renombre en el sector. Humidor marca Park Lane, serie Natural Oils color Ash Grey con capacidad [&#8230;]\n","protected":false},"featured_media":4104,"comment_status":"open","ping_status":"closed","template":"","meta":[],"product_brand":[],"product_cat":[100],"product_tag":[],"class_list":{"0":"post-4107","1":"product","2":"type-product","3":"status-publish","4":"has-post-thumbnail","6":"product_cat-humidores","8":"first","9":"instock","10":"taxable","11":"shipping-taxable","12":"purchasable","13":"product-type-simple"},"_links":{"self":[{"href":"https:\/\/noblehouse.com.mx\/ntc\/wp-json\/wp\/v2\/product\/4107","targetHints":{"allow":["GET"]}}],"collection":[{"href":"https:\/\/noblehouse.com.mx\/ntc\/wp-json\/wp\/v2\/product"}],"about":[{"href":"https:\/\/noblehouse.com.mx\/ntc\/wp-json\/wp\/v2\/types\/product"}],"replies":[{"embeddable":true,"href":"https:\/\/noblehouse.com.mx\/ntc\/wp-json\/wp\/v2\/comments?post=4107"}],"wp:featuredmedia":[{"embeddable":true,"href":"https:\/\/noblehouse.com.mx\/ntc\/wp-json\/wp\/v2\/media\/4104"}],"wp:attachment":[{"href":"https:\/\/noblehouse.com.mx\/ntc\/wp-json\/wp\/v2\/media?parent=4107"}],"wp:term":[{"taxonomy":"product_brand","embeddable":true,"href":"https:\/\/noblehouse.com.mx\/ntc\/wp-json\/wp\/v2\/product_brand?post=4107"},{"taxonomy":"product_cat","embeddable":true,"href":"https:\/\/noblehouse.com.mx\/ntc\/wp-json\/wp\/v2\/product_cat?post=4107"},{"taxonomy":"product_tag","embeddable":true,"href":"https:\/\/noblehouse.com.mx\/ntc\/wp-json\/wp\/v2\/product_tag?post=4107"}],"curies":[{"name":"wp","href":"https:\/\/api.w.org\/{rel}","templated":true}]}}