{"id":3776,"date":"2022-10-14T18:54:22","date_gmt":"2022-10-14T23:54:22","guid":{"rendered":"https:\/\/noblehouse.com.mx\/ntc\/producto\/santa-clara-1830-v-paquete-con-20-puros\/"},"modified":"2026-03-05T16:45:37","modified_gmt":"2026-03-05T22:45:37","slug":"santa-clara-1830-v-paquete-con-20-puros","status":"publish","type":"product","link":"https:\/\/noblehouse.com.mx\/ntc\/producto\/santa-clara-1830-v-paquete-con-20-puros\/","title":{"rendered":"SANTA CLARA 1830 # V PAQUETE CON 20 PUROS"},"content":{"rendered":"<p>Este puro representa nuestra tradici\u00f3n de casi 2 siglos en el arte del tabaco. Es un favorito entre los conocedores y representa la firme determinaci\u00f3n de la empresa de proporcionar un producto \u00fanico.<\/p>\n<p>Santa Clara 1830 es el puro ideal para quienes saben apreciar de la paciencia del a\u00f1ejamiento de un buen tabaco<\/p>\n<table width=\"236\">\n<tbody>\n<tr>\n<td width=\"64\"><strong>Vitola<\/strong><\/td>\n<td width=\"172\">6 X 44<\/td>\n<\/tr>\n<tr>\n<td><strong>Tripa<\/strong><\/td>\n<td>San Andr\u00e9s y Nicaragua<\/td>\n<\/tr>\n<tr>\n<td><strong>Banda<\/strong><\/td>\n<td>San Andr\u00e9s Morr\u00f3n Limpio<\/td>\n<\/tr>\n<tr>\n<td><strong>Capa<\/strong><\/td>\n<td>Maduro<\/td>\n<\/tr>\n<tr>\n<td><strong>Fortaleza<\/strong><\/td>\n<td>Medio<\/td>\n<\/tr>\n<\/tbody>\n<\/table>\n","protected":false},"excerpt":{"rendered":"<p>Este puro representa nuestra tradici\u00f3n de casi 2 siglos en el arte del tabaco. Es un favorito entre los conocedores y representa la firme determinaci\u00f3n de la empresa de proporcionar un producto \u00fanico. Santa Clara 1830 es el puro ideal para quienes saben apreciar de la paciencia del a\u00f1ejamiento de un buen tabaco Vitola 6 [&#8230;]\n","protected":false},"featured_media":3888,"comment_status":"open","ping_status":"closed","template":"","meta":[],"product_brand":[],"product_cat":[80],"product_tag":[],"class_list":{"0":"post-3776","1":"product","2":"type-product","3":"status-publish","4":"has-post-thumbnail","6":"product_cat-santa-clara-1830","8":"first","9":"instock","10":"taxable","11":"shipping-taxable","12":"purchasable","13":"product-type-simple"},"_links":{"self":[{"href":"https:\/\/noblehouse.com.mx\/ntc\/wp-json\/wp\/v2\/product\/3776","targetHints":{"allow":["GET"]}}],"collection":[{"href":"https:\/\/noblehouse.com.mx\/ntc\/wp-json\/wp\/v2\/product"}],"about":[{"href":"https:\/\/noblehouse.com.mx\/ntc\/wp-json\/wp\/v2\/types\/product"}],"replies":[{"embeddable":true,"href":"https:\/\/noblehouse.com.mx\/ntc\/wp-json\/wp\/v2\/comments?post=3776"}],"wp:featuredmedia":[{"embeddable":true,"href":"https:\/\/noblehouse.com.mx\/ntc\/wp-json\/wp\/v2\/media\/3888"}],"wp:attachment":[{"href":"https:\/\/noblehouse.com.mx\/ntc\/wp-json\/wp\/v2\/media?parent=3776"}],"wp:term":[{"taxonomy":"product_brand","embeddable":true,"href":"https:\/\/noblehouse.com.mx\/ntc\/wp-json\/wp\/v2\/product_brand?post=3776"},{"taxonomy":"product_cat","embeddable":true,"href":"https:\/\/noblehouse.com.mx\/ntc\/wp-json\/wp\/v2\/product_cat?post=3776"},{"taxonomy":"product_tag","embeddable":true,"href":"https:\/\/noblehouse.com.mx\/ntc\/wp-json\/wp\/v2\/product_tag?post=3776"}],"curies":[{"name":"wp","href":"https:\/\/api.w.org\/{rel}","templated":true}]}}