{"id":3526,"date":"2022-08-08T16:15:56","date_gmt":"2022-08-08T21:15:56","guid":{"rendered":"https:\/\/noblehouse.com.mx\/ntc\/producto\/cortapuro-gris-con-plateado-de-acero-inoxidable-22mm-ring-56\/"},"modified":"2026-03-05T16:45:37","modified_gmt":"2026-03-05T22:45:37","slug":"cortapuro-gris-con-plateado-de-acero-inoxidable-22mm-ring-56","status":"publish","type":"product","link":"https:\/\/noblehouse.com.mx\/ntc\/producto\/cortapuro-gris-con-plateado-de-acero-inoxidable-22mm-ring-56\/","title":{"rendered":"CORTAPURO GRIS CON PLATEADO DE ACERO INOXIDABLE 22MM RING 56"},"content":{"rendered":"<p>Park Lane es una de las marcas que se ha preocupado por ofrecerte art\u00edculos que contribuyan a la elegancia y a la personalidad. Justo como la variedad de modelos de Cortapuros que tiene para ti. Para que tu experiencia con los puros sea \u00fanica.<\/p>\n<p>Cortapuros doble acci\u00f3n color gris y plata estilo mate de acero inoxidable con dise\u00f1o elegante, permite realizar un corte limpio y uniforme al puro para no da\u00f1ar la estructura del mismo.<\/p>\n","protected":false},"excerpt":{"rendered":"<p><strong>Marca:<\/strong> Park Lane<br \/>\n<strong>Color:<\/strong> Gris y Plata<br \/>\n<strong>Material:<\/strong> Acero Inoxidable<\/p>\n","protected":false},"featured_media":3524,"comment_status":"open","ping_status":"closed","template":"","meta":[],"product_brand":[],"product_cat":[95],"product_tag":[],"class_list":{"0":"post-3526","1":"product","2":"type-product","3":"status-publish","4":"has-post-thumbnail","6":"product_cat-cortapuros","8":"first","9":"instock","10":"taxable","11":"shipping-taxable","12":"purchasable","13":"product-type-simple"},"_links":{"self":[{"href":"https:\/\/noblehouse.com.mx\/ntc\/wp-json\/wp\/v2\/product\/3526","targetHints":{"allow":["GET"]}}],"collection":[{"href":"https:\/\/noblehouse.com.mx\/ntc\/wp-json\/wp\/v2\/product"}],"about":[{"href":"https:\/\/noblehouse.com.mx\/ntc\/wp-json\/wp\/v2\/types\/product"}],"replies":[{"embeddable":true,"href":"https:\/\/noblehouse.com.mx\/ntc\/wp-json\/wp\/v2\/comments?post=3526"}],"wp:featuredmedia":[{"embeddable":true,"href":"https:\/\/noblehouse.com.mx\/ntc\/wp-json\/wp\/v2\/media\/3524"}],"wp:attachment":[{"href":"https:\/\/noblehouse.com.mx\/ntc\/wp-json\/wp\/v2\/media?parent=3526"}],"wp:term":[{"taxonomy":"product_brand","embeddable":true,"href":"https:\/\/noblehouse.com.mx\/ntc\/wp-json\/wp\/v2\/product_brand?post=3526"},{"taxonomy":"product_cat","embeddable":true,"href":"https:\/\/noblehouse.com.mx\/ntc\/wp-json\/wp\/v2\/product_cat?post=3526"},{"taxonomy":"product_tag","embeddable":true,"href":"https:\/\/noblehouse.com.mx\/ntc\/wp-json\/wp\/v2\/product_tag?post=3526"}],"curies":[{"name":"wp","href":"https:\/\/api.w.org\/{rel}","templated":true}]}}