{"id":2999,"date":"2022-03-04T17:27:34","date_gmt":"2022-03-04T23:27:34","guid":{"rendered":"https:\/\/www.noblehouse.com.mx\/ntc\/producto\/santa-clara-1830-special-edition-corona-con-20-puros\/"},"modified":"2026-03-19T16:32:19","modified_gmt":"2026-03-19T22:32:19","slug":"santa-clara-1830-special-edition-corona-con-20-puros","status":"publish","type":"product","link":"https:\/\/noblehouse.com.mx\/ntc\/producto\/santa-clara-1830-special-edition-corona-con-20-puros\/","title":{"rendered":"SANTA CLARA 1830 SPECIAL EDITION CORONA CON 20 PUROS"},"content":{"rendered":"<p>Con Santa Clara Special Edition, hemos logrado una mezcla que re\u00fane caracter\u00edsticas similares.\u00a0Por primera vez usamos Piloto Cubano con Morr\u00f3n de San Andr\u00e9s y la incomparable suavidad y color de la capa Connecticut.<\/p>\n<p>Empaquetado en una caja \u00fanica y hermosa en forma de diamante con un higr\u00f3metro, la Edici\u00f3n Especial de Santa Clara es el \u00fanico cigarro en el mundo que tiene una calidad garantizada.<\/p>\n<table width=\"236\">\n<tbody>\n<tr>\n<td width=\"64\"><strong>Vitola<\/strong><\/td>\n<td width=\"172\">6 x 44<\/td>\n<\/tr>\n<tr>\n<td><strong>Tripa<\/strong><\/td>\n<td>Tlapacoya selection and Ligero San Andres<\/td>\n<\/tr>\n<tr>\n<td><strong>Banda<\/strong><\/td>\n<td>Supreme binder Creole San Andres<\/td>\n<\/tr>\n<tr>\n<td><strong>Capa<\/strong><\/td>\n<td>Habano from Ecuador<\/td>\n<\/tr>\n<tr>\n<td><strong>Fortaleza<\/strong><\/td>\n<td>Medio<\/td>\n<\/tr>\n<\/tbody>\n<\/table>\n","protected":false},"excerpt":{"rendered":"<p><strong>Presentaci\u00f3n:<\/strong> Caja<br \/>\n<strong>Marca:<\/strong> Santa Clara 1830 Special Edition<br \/>\n<strong>Tama\u00f1o:<\/strong> Corona<br \/>\n<strong>Cantidad:<\/strong> 20 puros<\/p>\n","protected":false},"featured_media":2994,"comment_status":"open","ping_status":"closed","template":"","meta":[],"product_brand":[],"product_cat":[80],"product_tag":[],"class_list":{"0":"post-2999","1":"product","2":"type-product","3":"status-publish","4":"has-post-thumbnail","6":"product_cat-santa-clara-1830","8":"first","9":"instock","10":"featured","11":"taxable","12":"shipping-taxable","13":"purchasable","14":"product-type-simple"},"_links":{"self":[{"href":"https:\/\/noblehouse.com.mx\/ntc\/wp-json\/wp\/v2\/product\/2999","targetHints":{"allow":["GET"]}}],"collection":[{"href":"https:\/\/noblehouse.com.mx\/ntc\/wp-json\/wp\/v2\/product"}],"about":[{"href":"https:\/\/noblehouse.com.mx\/ntc\/wp-json\/wp\/v2\/types\/product"}],"replies":[{"embeddable":true,"href":"https:\/\/noblehouse.com.mx\/ntc\/wp-json\/wp\/v2\/comments?post=2999"}],"wp:featuredmedia":[{"embeddable":true,"href":"https:\/\/noblehouse.com.mx\/ntc\/wp-json\/wp\/v2\/media\/2994"}],"wp:attachment":[{"href":"https:\/\/noblehouse.com.mx\/ntc\/wp-json\/wp\/v2\/media?parent=2999"}],"wp:term":[{"taxonomy":"product_brand","embeddable":true,"href":"https:\/\/noblehouse.com.mx\/ntc\/wp-json\/wp\/v2\/product_brand?post=2999"},{"taxonomy":"product_cat","embeddable":true,"href":"https:\/\/noblehouse.com.mx\/ntc\/wp-json\/wp\/v2\/product_cat?post=2999"},{"taxonomy":"product_tag","embeddable":true,"href":"https:\/\/noblehouse.com.mx\/ntc\/wp-json\/wp\/v2\/product_tag?post=2999"}],"curies":[{"name":"wp","href":"https:\/\/api.w.org\/{rel}","templated":true}]}}