{"id":2993,"date":"2022-03-04T17:27:27","date_gmt":"2022-03-04T23:27:27","guid":{"rendered":"https:\/\/www.noblehouse.com.mx\/ntc\/producto\/santa-clara-1830-viii-paquete-con-20-puros\/"},"modified":"2026-03-22T20:47:52","modified_gmt":"2026-03-23T02:47:52","slug":"santa-clara-1830-viii-paquete-con-20-puros","status":"publish","type":"product","link":"https:\/\/noblehouse.com.mx\/ntc\/producto\/santa-clara-1830-viii-paquete-con-20-puros\/","title":{"rendered":"SANTA CLARA 1830 #VIII PAQUETE CON 20 PUROS"},"content":{"rendered":"<p>Este puro representa nuestra tradici\u00f3n de casi 2 siglos en el arte del tabaco. Es un favorito entre los conocedores y representa la firme determinaci\u00f3n de la empresa de proporcionar un producto \u00fanico.<\/p>\n<p>Santa Clara 1830 es el puro ideal para quienes saben apreciar de la paciencia del a\u00f1ejamiento de un buen tabaco.<\/p>\n<table width=\"236\">\n<tbody>\n<tr>\n<td width=\"64\"><strong>Vitola<\/strong><\/td>\n<td width=\"172\">6 1\/2 X 30<\/td>\n<\/tr>\n<tr>\n<td><strong>Tripa<\/strong><\/td>\n<td>San Andres y Nicaragua<\/td>\n<\/tr>\n<tr>\n<td><strong>Banda<\/strong><\/td>\n<td>San Andres Morron Limpio<\/td>\n<\/tr>\n<tr>\n<td><strong>Capa<\/strong><\/td>\n<td>Capa Fina Rosada de San Andres<\/td>\n<\/tr>\n<tr>\n<td><strong>Fortaleza<\/strong><\/td>\n<td>Medio<\/td>\n<\/tr>\n<\/tbody>\n<\/table>\n","protected":false},"excerpt":{"rendered":"<p><strong>Presentaci\u00f3n:<\/strong> Mazo<br \/>\n<strong>Marca:<\/strong> Santa Clara 1830<br \/>\n<strong>Tama\u00f1o:<\/strong> VIII<br \/>\n<strong>Cantidad:<\/strong> 20 puros<\/p>\n","protected":false},"featured_media":2990,"comment_status":"open","ping_status":"closed","template":"","meta":[],"product_brand":[],"product_cat":[108,80],"product_tag":[106],"class_list":{"0":"post-2993","1":"product","2":"type-product","3":"status-publish","4":"has-post-thumbnail","6":"product_cat-ofertas","7":"product_cat-santa-clara-1830","8":"product_tag-ofertas","10":"first","11":"instock","12":"sale","13":"taxable","14":"shipping-taxable","15":"purchasable","16":"product-type-simple"},"_links":{"self":[{"href":"https:\/\/noblehouse.com.mx\/ntc\/wp-json\/wp\/v2\/product\/2993","targetHints":{"allow":["GET"]}}],"collection":[{"href":"https:\/\/noblehouse.com.mx\/ntc\/wp-json\/wp\/v2\/product"}],"about":[{"href":"https:\/\/noblehouse.com.mx\/ntc\/wp-json\/wp\/v2\/types\/product"}],"replies":[{"embeddable":true,"href":"https:\/\/noblehouse.com.mx\/ntc\/wp-json\/wp\/v2\/comments?post=2993"}],"wp:featuredmedia":[{"embeddable":true,"href":"https:\/\/noblehouse.com.mx\/ntc\/wp-json\/wp\/v2\/media\/2990"}],"wp:attachment":[{"href":"https:\/\/noblehouse.com.mx\/ntc\/wp-json\/wp\/v2\/media?parent=2993"}],"wp:term":[{"taxonomy":"product_brand","embeddable":true,"href":"https:\/\/noblehouse.com.mx\/ntc\/wp-json\/wp\/v2\/product_brand?post=2993"},{"taxonomy":"product_cat","embeddable":true,"href":"https:\/\/noblehouse.com.mx\/ntc\/wp-json\/wp\/v2\/product_cat?post=2993"},{"taxonomy":"product_tag","embeddable":true,"href":"https:\/\/noblehouse.com.mx\/ntc\/wp-json\/wp\/v2\/product_tag?post=2993"}],"curies":[{"name":"wp","href":"https:\/\/api.w.org\/{rel}","templated":true}]}}