{"id":2969,"date":"2022-03-04T17:26:34","date_gmt":"2022-03-04T23:26:34","guid":{"rendered":"https:\/\/www.noblehouse.com.mx\/ntc\/producto\/hacienda-veracruz-short-robusto-mazo-con-12-p\/"},"modified":"2026-03-05T16:45:34","modified_gmt":"2026-03-05T22:45:34","slug":"hacienda-veracruz-short-robusto-mazo-con-12-puros","status":"publish","type":"product","link":"https:\/\/noblehouse.com.mx\/ntc\/producto\/hacienda-veracruz-short-robusto-mazo-con-12-puros\/","title":{"rendered":"HACIENDA VERACRUZ SHORT ROBUSTO MAZO CON 12 PUROS"},"content":{"rendered":"<p>El sabor de este cigarro es \u00fanico en comparaci\u00f3n con muchos paquetes comunes en el mercado, nuestros cigarros Hacienda Veracruz mantienen la tradici\u00f3n y el orgullo de nuestra tierra y ofrecen una maravillosa calada y combusti\u00f3n mientras se fuma.<\/p>\n<table width=\"236\">\n<tbody>\n<tr>\n<td width=\"64\"><strong>Vitola<\/strong><\/td>\n<td width=\"172\">4 X 50<\/td>\n<\/tr>\n<tr>\n<td><strong>Tripa<\/strong><\/td>\n<td>Una mezcla de relleno corto de San Andr\u00e9s<\/td>\n<\/tr>\n<tr>\n<td><strong>Banda<\/strong><\/td>\n<td>San Andres Morron<\/td>\n<\/tr>\n<tr>\n<td><strong>Capa<\/strong><\/td>\n<td>Natural San Andres<\/td>\n<\/tr>\n<tr>\n<td><strong>Fortaleza<\/strong><\/td>\n<td>Medio<\/td>\n<\/tr>\n<\/tbody>\n<\/table>\n","protected":false},"excerpt":{"rendered":"<p><strong>Presentaci\u00f3n:<\/strong> Mazo<br \/>\n<strong>Marca:<\/strong> Hacienda Veracruz<br \/>\n<strong>Tama\u00f1o:<\/strong> Short Robusto<br \/>\n<strong>Cantidad:<\/strong> 12 puros<\/p>\n","protected":false},"featured_media":2965,"comment_status":"open","ping_status":"closed","template":"","meta":[],"product_brand":[],"product_cat":[74],"product_tag":[],"class_list":{"0":"post-2969","1":"product","2":"type-product","3":"status-publish","4":"has-post-thumbnail","6":"product_cat-hacienda-veracruz","8":"first","9":"instock","10":"taxable","11":"shipping-taxable","12":"purchasable","13":"product-type-simple"},"_links":{"self":[{"href":"https:\/\/noblehouse.com.mx\/ntc\/wp-json\/wp\/v2\/product\/2969","targetHints":{"allow":["GET"]}}],"collection":[{"href":"https:\/\/noblehouse.com.mx\/ntc\/wp-json\/wp\/v2\/product"}],"about":[{"href":"https:\/\/noblehouse.com.mx\/ntc\/wp-json\/wp\/v2\/types\/product"}],"replies":[{"embeddable":true,"href":"https:\/\/noblehouse.com.mx\/ntc\/wp-json\/wp\/v2\/comments?post=2969"}],"wp:featuredmedia":[{"embeddable":true,"href":"https:\/\/noblehouse.com.mx\/ntc\/wp-json\/wp\/v2\/media\/2965"}],"wp:attachment":[{"href":"https:\/\/noblehouse.com.mx\/ntc\/wp-json\/wp\/v2\/media?parent=2969"}],"wp:term":[{"taxonomy":"product_brand","embeddable":true,"href":"https:\/\/noblehouse.com.mx\/ntc\/wp-json\/wp\/v2\/product_brand?post=2969"},{"taxonomy":"product_cat","embeddable":true,"href":"https:\/\/noblehouse.com.mx\/ntc\/wp-json\/wp\/v2\/product_cat?post=2969"},{"taxonomy":"product_tag","embeddable":true,"href":"https:\/\/noblehouse.com.mx\/ntc\/wp-json\/wp\/v2\/product_tag?post=2969"}],"curies":[{"name":"wp","href":"https:\/\/api.w.org\/{rel}","templated":true}]}}