{"id":2535,"date":"2021-05-21T17:22:36","date_gmt":"2021-05-21T22:22:36","guid":{"rendered":"https:\/\/www.noblehouse.com.mx\/ntc\/producto\/madrigal-picador-corona-mazo-con-10-puros\/"},"modified":"2026-03-05T16:45:32","modified_gmt":"2026-03-05T22:45:32","slug":"madrigal-picador-corona-mazo-con-10-puros","status":"publish","type":"product","link":"https:\/\/noblehouse.com.mx\/ntc\/producto\/madrigal-picador-corona-mazo-con-10-puros\/","title":{"rendered":"MADRIGAL PICADOR CORONA MAZO CON 10 PUROS"},"content":{"rendered":"<p>Despu\u00e9s de 5 generaciones en el mundo del tabaco, la familia Ortiz \u00c1lvarez ha desarrollado un puro especial calidad-precio. Madrigal picador, puros hechos a mano por maestros tabaqueros que garantizan una creaci\u00f3n especial, en combinaci\u00f3n con tabacos perfectamente a\u00f1ejados de San Andr\u00e9s. Es un puro &#8220;every day&#8221;, m\u00e1ximo sabor, fortaleza media, definitivamente una experiencia excitante a un excelente precio.<\/p>\n<table width=\"236\">\n<tbody>\n<tr>\n<td width=\"64\"><strong>Vitola<\/strong><\/td>\n<td width=\"172\">5 X 50<\/td>\n<\/tr>\n<tr>\n<td><strong>Tripa<\/strong><\/td>\n<td>Tabaco de San Andres<\/td>\n<\/tr>\n<tr>\n<td><strong>Banda<\/strong><\/td>\n<td>Morron Limpio San Andres<\/td>\n<\/tr>\n<tr>\n<td><strong>Capa<\/strong><\/td>\n<td>Capa Fina Rosada San Andres<\/td>\n<\/tr>\n<tr>\n<td><strong>Fortaleza<\/strong><\/td>\n<td>Medio<\/td>\n<\/tr>\n<\/tbody>\n<\/table>\n","protected":false},"excerpt":{"rendered":"<p><strong>Presentaci\u00f3n:<\/strong> Mazo<br \/>\n<strong>Marca:<\/strong> Madrigal Picador<br \/>\n<strong>Tama\u00f1o:<\/strong> Corona<br \/>\n<strong>Cantidad:<\/strong> 10 puros<\/p>\n","protected":false},"featured_media":2533,"comment_status":"open","ping_status":"closed","template":"","meta":[],"product_brand":[],"product_cat":[79],"product_tag":[],"class_list":{"0":"post-2535","1":"product","2":"type-product","3":"status-publish","4":"has-post-thumbnail","6":"product_cat-madrigal","8":"first","9":"instock","10":"taxable","11":"shipping-taxable","12":"purchasable","13":"product-type-simple"},"_links":{"self":[{"href":"https:\/\/noblehouse.com.mx\/ntc\/wp-json\/wp\/v2\/product\/2535","targetHints":{"allow":["GET"]}}],"collection":[{"href":"https:\/\/noblehouse.com.mx\/ntc\/wp-json\/wp\/v2\/product"}],"about":[{"href":"https:\/\/noblehouse.com.mx\/ntc\/wp-json\/wp\/v2\/types\/product"}],"replies":[{"embeddable":true,"href":"https:\/\/noblehouse.com.mx\/ntc\/wp-json\/wp\/v2\/comments?post=2535"}],"wp:featuredmedia":[{"embeddable":true,"href":"https:\/\/noblehouse.com.mx\/ntc\/wp-json\/wp\/v2\/media\/2533"}],"wp:attachment":[{"href":"https:\/\/noblehouse.com.mx\/ntc\/wp-json\/wp\/v2\/media?parent=2535"}],"wp:term":[{"taxonomy":"product_brand","embeddable":true,"href":"https:\/\/noblehouse.com.mx\/ntc\/wp-json\/wp\/v2\/product_brand?post=2535"},{"taxonomy":"product_cat","embeddable":true,"href":"https:\/\/noblehouse.com.mx\/ntc\/wp-json\/wp\/v2\/product_cat?post=2535"},{"taxonomy":"product_tag","embeddable":true,"href":"https:\/\/noblehouse.com.mx\/ntc\/wp-json\/wp\/v2\/product_tag?post=2535"}],"curies":[{"name":"wp","href":"https:\/\/api.w.org\/{rel}","templated":true}]}}