{"id":2478,"date":"2021-05-05T14:29:59","date_gmt":"2021-05-05T19:29:59","guid":{"rendered":"https:\/\/www.noblehouse.com.mx\/ntc\/?post_type=product&#038;p=2478"},"modified":"2026-03-05T16:45:32","modified_gmt":"2026-03-05T22:45:32","slug":"aromas-san-andres-magnificos-caja-con-25-puros","status":"publish","type":"product","link":"https:\/\/noblehouse.com.mx\/ntc\/producto\/aromas-san-andres-magnificos-caja-con-25-puros\/","title":{"rendered":"AROMAS SAN ANDRES MAGNIFICOS CAJA CON 25 PUROS"},"content":{"rendered":"<p>Nuestro orgullo, tradici\u00f3n, experiencia, esfuerzo y dedicaci\u00f3n se transforman en su placer al disfrutar un buen puro. Se convierte en\u2026 Aromas de San Andr\u00e9s. Hecho a mano solo por nuestros mejores roladores para los aficionados a los puros m\u00e1s exigente.<\/p>\n<table width=\"236\">\n<tbody>\n<tr>\n<td width=\"64\"><strong>Vitola<\/strong><\/td>\n<td width=\"172\">7 X 50<\/td>\n<\/tr>\n<tr>\n<td><strong>Tripa<\/strong><\/td>\n<td>Mezcla de Tabaco Criollo San Andr\u00e9s<\/td>\n<\/tr>\n<tr>\n<td><strong>Banda<\/strong><\/td>\n<td>San Andr\u00e9s Morron Obscuro<\/td>\n<\/tr>\n<tr>\n<td><strong>Capa<\/strong><\/td>\n<td>Fina Clara San Andr\u00e9s<\/td>\n<\/tr>\n<tr>\n<td><strong>Fortaleza<\/strong><\/td>\n<td>Suave a Medio<\/td>\n<\/tr>\n<\/tbody>\n<\/table>\n","protected":false},"excerpt":{"rendered":"<p>Nuestro orgullo, tradici\u00f3n, experiencia, esfuerzo y dedicaci\u00f3n se transforman en su placer al disfrutar un buen puro. Se convierte en\u2026 Aromas de San Andr\u00e9s. Hecho a mano solo por nuestros mejores roladores para los aficionados a los puros m\u00e1s exigente. Vitola 7 X 50 Tripa Mezcla de Tabaco Criollo San Andr\u00e9s Banda San Andr\u00e9s Morron [&#8230;]\n","protected":false},"featured_media":2480,"comment_status":"open","ping_status":"closed","template":"","meta":[],"product_brand":[],"product_cat":[81],"product_tag":[],"class_list":{"0":"post-2478","1":"product","2":"type-product","3":"status-publish","4":"has-post-thumbnail","6":"product_cat-aromas-de-san-andres","8":"first","9":"instock","10":"taxable","11":"shipping-taxable","12":"purchasable","13":"product-type-simple"},"_links":{"self":[{"href":"https:\/\/noblehouse.com.mx\/ntc\/wp-json\/wp\/v2\/product\/2478","targetHints":{"allow":["GET"]}}],"collection":[{"href":"https:\/\/noblehouse.com.mx\/ntc\/wp-json\/wp\/v2\/product"}],"about":[{"href":"https:\/\/noblehouse.com.mx\/ntc\/wp-json\/wp\/v2\/types\/product"}],"replies":[{"embeddable":true,"href":"https:\/\/noblehouse.com.mx\/ntc\/wp-json\/wp\/v2\/comments?post=2478"}],"wp:featuredmedia":[{"embeddable":true,"href":"https:\/\/noblehouse.com.mx\/ntc\/wp-json\/wp\/v2\/media\/2480"}],"wp:attachment":[{"href":"https:\/\/noblehouse.com.mx\/ntc\/wp-json\/wp\/v2\/media?parent=2478"}],"wp:term":[{"taxonomy":"product_brand","embeddable":true,"href":"https:\/\/noblehouse.com.mx\/ntc\/wp-json\/wp\/v2\/product_brand?post=2478"},{"taxonomy":"product_cat","embeddable":true,"href":"https:\/\/noblehouse.com.mx\/ntc\/wp-json\/wp\/v2\/product_cat?post=2478"},{"taxonomy":"product_tag","embeddable":true,"href":"https:\/\/noblehouse.com.mx\/ntc\/wp-json\/wp\/v2\/product_tag?post=2478"}],"curies":[{"name":"wp","href":"https:\/\/api.w.org\/{rel}","templated":true}]}}