{"id":2449,"date":"2020-08-07T16:44:17","date_gmt":"2020-08-07T21:44:17","guid":{"rendered":"https:\/\/www.noblehouse.com.mx\/ntc\/?post_type=product&#038;p=2449"},"modified":"2026-03-05T16:45:32","modified_gmt":"2026-03-05T22:45:32","slug":"tabaco-para-masticar-klondike-long-cut-wintergreen","status":"publish","type":"product","link":"https:\/\/noblehouse.com.mx\/ntc\/producto\/tabaco-para-masticar-klondike-long-cut-wintergreen\/","title":{"rendered":"TABACO PARA MASTICAR KLONDIKE LONG CUT WINTERGREEN"},"content":{"rendered":"<p>El tabaco Klondike es un producto compuesto de tabaco para masticar. El mascado es uno de los m\u00e9todos mas antiguos de consumir tabaco por los ind\u00edgenas de Norteam\u00e9rica y Sudam\u00e9rica, por su excelente calidad se ha convertido en uno de los favoritos por los amantes del tabaco.<\/p>\n","protected":false},"excerpt":{"rendered":"<p>El tabaco Klondike es un producto compuesto de tabaco para masticar. El mascado es uno de los m\u00e9todos mas antiguos de consumir tabaco por los ind\u00edgenas de Norteam\u00e9rica y Sudam\u00e9rica, por su excelente calidad se ha convertido en uno de los favoritos por los amantes del tabaco.<\/p>\n","protected":false},"featured_media":7963,"comment_status":"open","ping_status":"closed","template":"","meta":[],"product_brand":[],"product_cat":[88],"product_tag":[],"class_list":{"0":"post-2449","1":"product","2":"type-product","3":"status-publish","4":"has-post-thumbnail","6":"product_cat-klondike","8":"first","9":"instock","10":"taxable","11":"shipping-taxable","12":"purchasable","13":"product-type-simple"},"_links":{"self":[{"href":"https:\/\/noblehouse.com.mx\/ntc\/wp-json\/wp\/v2\/product\/2449","targetHints":{"allow":["GET"]}}],"collection":[{"href":"https:\/\/noblehouse.com.mx\/ntc\/wp-json\/wp\/v2\/product"}],"about":[{"href":"https:\/\/noblehouse.com.mx\/ntc\/wp-json\/wp\/v2\/types\/product"}],"replies":[{"embeddable":true,"href":"https:\/\/noblehouse.com.mx\/ntc\/wp-json\/wp\/v2\/comments?post=2449"}],"wp:featuredmedia":[{"embeddable":true,"href":"https:\/\/noblehouse.com.mx\/ntc\/wp-json\/wp\/v2\/media\/7963"}],"wp:attachment":[{"href":"https:\/\/noblehouse.com.mx\/ntc\/wp-json\/wp\/v2\/media?parent=2449"}],"wp:term":[{"taxonomy":"product_brand","embeddable":true,"href":"https:\/\/noblehouse.com.mx\/ntc\/wp-json\/wp\/v2\/product_brand?post=2449"},{"taxonomy":"product_cat","embeddable":true,"href":"https:\/\/noblehouse.com.mx\/ntc\/wp-json\/wp\/v2\/product_cat?post=2449"},{"taxonomy":"product_tag","embeddable":true,"href":"https:\/\/noblehouse.com.mx\/ntc\/wp-json\/wp\/v2\/product_tag?post=2449"}],"curies":[{"name":"wp","href":"https:\/\/api.w.org\/{rel}","templated":true}]}}