{"id":1943,"date":"2020-10-05T14:32:16","date_gmt":"2020-10-05T19:32:16","guid":{"rendered":"https:\/\/www.noblehouse.com.mx\/ntc\/producto\/humidor-park-lane-vertical-nogal-mate\/"},"modified":"2026-03-05T16:45:31","modified_gmt":"2026-03-05T22:45:31","slug":"humidor-park-lane-vertical-nogal-mate","status":"publish","type":"product","link":"https:\/\/noblehouse.com.mx\/ntc\/producto\/humidor-park-lane-vertical-nogal-mate\/","title":{"rendered":"HUMIDOR PARK LANE VERTICAL NOGAL MATE"},"content":{"rendered":"<p>Park Lane se ha hecho de un gran prestigio en el mercado del tabaco con la fabricaci\u00f3n de Humidores para puros. Modelos innovadores con gran diversidad en tonos y acabados han colocado a esta marca en lista de mayor renombre en el sector.<\/p>\n<p>Este humidor vertical Park Lane puede almacenar hasta 16 puros o mas dependiendo del tama\u00f1o de la vitola. Tiene una tapa con un dise\u00f1o cuadrado que tiene un humidificador en el interior. En la parte frontal de la caja de este humidor hay un higr\u00f3metro anal\u00f3gico que puede usar para ajustar la temperatura de acuerdo con las condiciones clim\u00e1ticas en las que se encuentre.<\/p>\n<p>Porque la elegancia, el dise\u00f1o y la calidad existen. Bajo un estricto control de calidad y experiencia en artesan\u00eda, se hizo una gran combinaci\u00f3n para crear algunos productos de madera \u00fanicos. Conserve sus puros siempre con las condiciones de almacenamiento optimas, con una humedad y temperatura constantes id\u00f3neas para que no pierdan su aroma y sabor original.<\/p>\n","protected":false},"excerpt":{"rendered":"<p>Park Lane se ha hecho de un gran prestigio en el mercado del tabaco con la fabricaci\u00f3n de Humidores para puros. Modelos innovadores con gran diversidad en tonos y acabados han colocado a esta marca en lista de mayor renombre en el sector. Este humidor vertical Park Lane puede almacenar hasta 16 puros o mas [&#8230;]\n","protected":false},"featured_media":1940,"comment_status":"open","ping_status":"closed","template":"","meta":[],"product_brand":[],"product_cat":[100],"product_tag":[],"class_list":{"0":"post-1943","1":"product","2":"type-product","3":"status-publish","4":"has-post-thumbnail","6":"product_cat-humidores","8":"first","9":"instock","10":"taxable","11":"shipping-taxable","12":"purchasable","13":"product-type-simple"},"_links":{"self":[{"href":"https:\/\/noblehouse.com.mx\/ntc\/wp-json\/wp\/v2\/product\/1943","targetHints":{"allow":["GET"]}}],"collection":[{"href":"https:\/\/noblehouse.com.mx\/ntc\/wp-json\/wp\/v2\/product"}],"about":[{"href":"https:\/\/noblehouse.com.mx\/ntc\/wp-json\/wp\/v2\/types\/product"}],"replies":[{"embeddable":true,"href":"https:\/\/noblehouse.com.mx\/ntc\/wp-json\/wp\/v2\/comments?post=1943"}],"wp:featuredmedia":[{"embeddable":true,"href":"https:\/\/noblehouse.com.mx\/ntc\/wp-json\/wp\/v2\/media\/1940"}],"wp:attachment":[{"href":"https:\/\/noblehouse.com.mx\/ntc\/wp-json\/wp\/v2\/media?parent=1943"}],"wp:term":[{"taxonomy":"product_brand","embeddable":true,"href":"https:\/\/noblehouse.com.mx\/ntc\/wp-json\/wp\/v2\/product_brand?post=1943"},{"taxonomy":"product_cat","embeddable":true,"href":"https:\/\/noblehouse.com.mx\/ntc\/wp-json\/wp\/v2\/product_cat?post=1943"},{"taxonomy":"product_tag","embeddable":true,"href":"https:\/\/noblehouse.com.mx\/ntc\/wp-json\/wp\/v2\/product_tag?post=1943"}],"curies":[{"name":"wp","href":"https:\/\/api.w.org\/{rel}","templated":true}]}}