{"id":1888,"date":"2020-10-05T14:24:21","date_gmt":"2020-10-05T19:24:21","guid":{"rendered":"https:\/\/www.noblehouse.com.mx\/ntc\/producto\/humidor-park-lane-boleado-para-15-puros-con-tapa-de-cristal-color-nogal-brillante\/"},"modified":"2026-03-05T16:45:31","modified_gmt":"2026-03-05T22:45:31","slug":"humidor-park-lane-boleado-para-15-puros-con-tapa-de-cristal-color-nogal-brillante","status":"publish","type":"product","link":"https:\/\/noblehouse.com.mx\/ntc\/producto\/humidor-park-lane-boleado-para-15-puros-con-tapa-de-cristal-color-nogal-brillante\/","title":{"rendered":"HUMIDOR PARK LANE BOLEADO PARA 15 PUROS CON TAPA DE CRISTAL COLOR NOGAL BRILLANTE"},"content":{"rendered":"<p>Park Lane se ha hecho de un gran prestigio en el mercado del tabaco con la fabricaci\u00f3n de Humidores para puros. Modelos innovadores con gran diversidad en tonos y acabados han colocado a esta marca en lista de mayor renombre en el sector.<\/p>\n<p>Este humidor Park Lane puede almacenar hasta 15 puros o mas dependiendo del tama\u00f1o o vitola. Por la parte exterior cuenta con tapa de cristal. Al interior de la caja contiene un humidificador y rejilla de madera con higrometro analogico, con el cual podr\u00e1 regular la temperatura de acuerdo al ambiente en el que se encuentre.<\/p>\n<p>Porque la elegancia, el dise\u00f1o y la calidad existen. bajo un estricto control de calidad y experiencia en artesan\u00eda, se hizo una gran combinaci\u00f3n para crear algunos productos de madera \u00fanicos. Conserve sus puros siempre con las condiciones de almacenamiento optimas, con una humedad y temperatura constantes id\u00f3neas para que no pierdan su aroma y sabor original.<\/p>\n","protected":false},"excerpt":{"rendered":"<p>Park Lane se ha hecho de un gran prestigio en el mercado del tabaco con la fabricaci\u00f3n de Humidores para puros. Modelos innovadores con gran diversidad en tonos y acabados han colocado a esta marca en lista de mayor renombre en el sector. Este humidor Park Lane puede almacenar hasta 15 puros o mas dependiendo [&#8230;]\n","protected":false},"featured_media":1884,"comment_status":"open","ping_status":"closed","template":"","meta":[],"product_brand":[],"product_cat":[100],"product_tag":[],"class_list":{"0":"post-1888","1":"product","2":"type-product","3":"status-publish","4":"has-post-thumbnail","6":"product_cat-humidores","8":"first","9":"instock","10":"taxable","11":"shipping-taxable","12":"purchasable","13":"product-type-simple"},"_links":{"self":[{"href":"https:\/\/noblehouse.com.mx\/ntc\/wp-json\/wp\/v2\/product\/1888","targetHints":{"allow":["GET"]}}],"collection":[{"href":"https:\/\/noblehouse.com.mx\/ntc\/wp-json\/wp\/v2\/product"}],"about":[{"href":"https:\/\/noblehouse.com.mx\/ntc\/wp-json\/wp\/v2\/types\/product"}],"replies":[{"embeddable":true,"href":"https:\/\/noblehouse.com.mx\/ntc\/wp-json\/wp\/v2\/comments?post=1888"}],"wp:featuredmedia":[{"embeddable":true,"href":"https:\/\/noblehouse.com.mx\/ntc\/wp-json\/wp\/v2\/media\/1884"}],"wp:attachment":[{"href":"https:\/\/noblehouse.com.mx\/ntc\/wp-json\/wp\/v2\/media?parent=1888"}],"wp:term":[{"taxonomy":"product_brand","embeddable":true,"href":"https:\/\/noblehouse.com.mx\/ntc\/wp-json\/wp\/v2\/product_brand?post=1888"},{"taxonomy":"product_cat","embeddable":true,"href":"https:\/\/noblehouse.com.mx\/ntc\/wp-json\/wp\/v2\/product_cat?post=1888"},{"taxonomy":"product_tag","embeddable":true,"href":"https:\/\/noblehouse.com.mx\/ntc\/wp-json\/wp\/v2\/product_tag?post=1888"}],"curies":[{"name":"wp","href":"https:\/\/api.w.org\/{rel}","templated":true}]}}