{"id":1415,"date":"2020-08-20T12:26:23","date_gmt":"2020-08-20T17:26:23","guid":{"rendered":"https:\/\/www.noblehouse.com.mx\/ntc\/producto\/encendedor-krypton-soplete-recipiente-de-aluminio-azul\/"},"modified":"2026-03-05T16:45:30","modified_gmt":"2026-03-05T22:45:30","slug":"encendedor-krypton-soplete-recipiente-de-aluminio-azul","status":"publish","type":"product","link":"https:\/\/noblehouse.com.mx\/ntc\/producto\/encendedor-krypton-soplete-recipiente-de-aluminio-azul\/","title":{"rendered":"ENCENDEDOR KRYPTON SOPLETE RECIPIENTE DE ALUMINIO AZUL"},"content":{"rendered":"<p>Krypton es una marca enfocada en la venta de encendedores de gas butano ampliando su gama de productos con una linea denominada Outdoors. Elabora productos de alta gama bajo el lema The Invicible Gif somos una marca l\u00edder en el mercado.<\/p>\n<p>Es un producto vers\u00e1til y practico que se adapta a un sinf\u00edn de actividades a realizar, cuenta con regulador de gas y un broche de seguridad, elaborado de aluminio con un tama\u00f1o accesible para llevar a todos lados.<\/p>\n","protected":false},"excerpt":{"rendered":"<p><strong>El funcionamiento de este producto puede verse afectado o no funcionar a una altura igual o superior a 1500 mts sobre el nivel del mar.<\/strong><\/p>\n","protected":false},"featured_media":1412,"comment_status":"open","ping_status":"closed","template":"","meta":[],"product_brand":[],"product_cat":[98,108],"product_tag":[106],"class_list":{"0":"post-1415","1":"product","2":"type-product","3":"status-publish","4":"has-post-thumbnail","6":"product_cat-encendedores-soplete","7":"product_cat-ofertas","8":"product_tag-ofertas","10":"first","11":"instock","12":"sale","13":"taxable","14":"shipping-taxable","15":"purchasable","16":"product-type-simple"},"_links":{"self":[{"href":"https:\/\/noblehouse.com.mx\/ntc\/wp-json\/wp\/v2\/product\/1415","targetHints":{"allow":["GET"]}}],"collection":[{"href":"https:\/\/noblehouse.com.mx\/ntc\/wp-json\/wp\/v2\/product"}],"about":[{"href":"https:\/\/noblehouse.com.mx\/ntc\/wp-json\/wp\/v2\/types\/product"}],"replies":[{"embeddable":true,"href":"https:\/\/noblehouse.com.mx\/ntc\/wp-json\/wp\/v2\/comments?post=1415"}],"wp:featuredmedia":[{"embeddable":true,"href":"https:\/\/noblehouse.com.mx\/ntc\/wp-json\/wp\/v2\/media\/1412"}],"wp:attachment":[{"href":"https:\/\/noblehouse.com.mx\/ntc\/wp-json\/wp\/v2\/media?parent=1415"}],"wp:term":[{"taxonomy":"product_brand","embeddable":true,"href":"https:\/\/noblehouse.com.mx\/ntc\/wp-json\/wp\/v2\/product_brand?post=1415"},{"taxonomy":"product_cat","embeddable":true,"href":"https:\/\/noblehouse.com.mx\/ntc\/wp-json\/wp\/v2\/product_cat?post=1415"},{"taxonomy":"product_tag","embeddable":true,"href":"https:\/\/noblehouse.com.mx\/ntc\/wp-json\/wp\/v2\/product_tag?post=1415"}],"curies":[{"name":"wp","href":"https:\/\/api.w.org\/{rel}","templated":true}]}}