{"id":1046,"date":"2022-03-11T17:44:15","date_gmt":"2022-03-11T23:44:15","guid":{"rendered":"https:\/\/www.noblehouse.com.mx\/ntc\/producto\/cohiba-cajetilla-con-20-cigarrillos\/"},"modified":"2026-03-27T12:21:00","modified_gmt":"2026-03-27T18:21:00","slug":"cohiba-cajetilla-con-20-cigarrillos","status":"publish","type":"product","link":"https:\/\/noblehouse.com.mx\/ntc\/producto\/cohiba-cajetilla-con-20-cigarrillos\/","title":{"rendered":"COHIBA CAJETILLA CON 20 CIGARRILLOS"},"content":{"rendered":"<p>Cohiba es un cigarro cubano Premium de tabaco negro, poseedor de un aroma distintivo debido a la selecci\u00f3n exclusiva de las hojas de vuelta abajo, Cuba donde crece el mejor tabaco del mundo. Desde su surgimiento en el a\u00f1o 1987, estos cigarrillos han sido s\u00edmbolos de alta calidad en el mercado, pues son un producto 100% de tabaco negro, de aut\u00e9ntico sabor y excepcional calidad.<\/p>\n","protected":false},"excerpt":{"rendered":"<p>Cohiba es un cigarro cubano Premium de tabaco negro, poseedor de un aroma distintivo debido a la selecci\u00f3n exclusiva de las hojas de vuelta abajo, Cuba donde crece el mejor tabaco del mundo. Desde su surgimiento en el a\u00f1o 1987, estos cigarrillos han sido s\u00edmbolos de alta calidad en el mercado, pues son un producto [&#8230;]\n","protected":false},"featured_media":7137,"comment_status":"open","ping_status":"closed","template":"","meta":[],"product_brand":[],"product_cat":[90],"product_tag":[],"class_list":{"0":"post-1046","1":"product","2":"type-product","3":"status-publish","4":"has-post-thumbnail","6":"product_cat-cigarros","8":"first","9":"instock","10":"featured","11":"taxable","12":"shipping-taxable","13":"purchasable","14":"product-type-simple"},"_links":{"self":[{"href":"https:\/\/noblehouse.com.mx\/ntc\/wp-json\/wp\/v2\/product\/1046","targetHints":{"allow":["GET"]}}],"collection":[{"href":"https:\/\/noblehouse.com.mx\/ntc\/wp-json\/wp\/v2\/product"}],"about":[{"href":"https:\/\/noblehouse.com.mx\/ntc\/wp-json\/wp\/v2\/types\/product"}],"replies":[{"embeddable":true,"href":"https:\/\/noblehouse.com.mx\/ntc\/wp-json\/wp\/v2\/comments?post=1046"}],"wp:featuredmedia":[{"embeddable":true,"href":"https:\/\/noblehouse.com.mx\/ntc\/wp-json\/wp\/v2\/media\/7137"}],"wp:attachment":[{"href":"https:\/\/noblehouse.com.mx\/ntc\/wp-json\/wp\/v2\/media?parent=1046"}],"wp:term":[{"taxonomy":"product_brand","embeddable":true,"href":"https:\/\/noblehouse.com.mx\/ntc\/wp-json\/wp\/v2\/product_brand?post=1046"},{"taxonomy":"product_cat","embeddable":true,"href":"https:\/\/noblehouse.com.mx\/ntc\/wp-json\/wp\/v2\/product_cat?post=1046"},{"taxonomy":"product_tag","embeddable":true,"href":"https:\/\/noblehouse.com.mx\/ntc\/wp-json\/wp\/v2\/product_tag?post=1046"}],"curies":[{"name":"wp","href":"https:\/\/api.w.org\/{rel}","templated":true}]}}