{"id":88,"date":"2013-08-11T20:13:42","date_gmt":"2013-08-12T01:13:42","guid":{"rendered":"http:\/\/localhost:8888\/test\/?page_id=545"},"modified":"2025-06-25T15:22:54","modified_gmt":"2025-06-25T21:22:54","slug":"preguntas-frecuentes","status":"publish","type":"page","link":"https:\/\/noblehouse.com.mx\/ntc\/preguntas-frecuentes\/","title":{"rendered":"Preguntas Frecuentes"},"content":{"rendered":"\n<h1 class=\"lead\">Preguntas Frecuentes<\/h1>\n<div class=\"accordion\">\n\n\t<div id=\"accordion-2490707241\" class=\"accordion-item\">\n\t\t<a id=\"accordion-2490707241-label\" class=\"accordion-title plain active\" href=\"#accordion-item-\u00bfcual-es-el-mejor-puro?\" aria-expanded=\"true\" aria-controls=\"accordion-2490707241-content\">\n\t\t\t<button class=\"toggle\" aria-label=\"Toggle\"><i class=\"icon-angle-down\" aria-hidden=\"true\"><\/i><\/button>\n\t\t\t<span>\u00bfCual es el mejor puro?<\/span>\n\t\t<\/a>\n\t\t<div id=\"accordion-2490707241-content\" class=\"accordion-inner\" style=\"display: block;\" aria-labelledby=\"accordion-2490707241-label\">\n\t\t\t\n\n<p>El mejor puro es el que t\u00fa paladar disfruta, el que m\u00e1s le gusta a uno.<\/p>\n<p>Cuando enciendes un Puro Premium, no s\u00f3lo inicias un ritual de pasi\u00f3n, sino que para llegar a ese disfrute, estos tabacos han logrado cumplir con un enorme recorrido, en procesos de producci\u00f3n, calidad y a\u00f1ejamiento.<\/p>\n\n\t\t<\/div>\n\t<\/div>\n\t\n\t<div id=\"accordion-3533466070\" class=\"accordion-item\">\n\t\t<a id=\"accordion-3533466070-label\" class=\"accordion-title plain\" href=\"#accordion-item-\u00bfqu\u00e9-puro-recomiendan-para-un-iniciador?\" aria-expanded=\"false\" aria-controls=\"accordion-3533466070-content\">\n\t\t\t<button class=\"toggle\" aria-label=\"Toggle\"><i class=\"icon-angle-down\" aria-hidden=\"true\"><\/i><\/button>\n\t\t\t<span>\u00bfQu\u00e9 puro recomiendan para un iniciador?<\/span>\n\t\t<\/a>\n\t\t<div id=\"accordion-3533466070-content\" class=\"accordion-inner\" aria-labelledby=\"accordion-3533466070-label\">\n\t\t\t\n\n<p>Para iniciadores en el mundo del puro, recomendamos un puro con fortaleza suave a medio, por eso consideramos que la marca: AROMAS DE SAN ANDR\u00c9S es la marca que podr\u00e1s degustar y disfrutar sin prejuicios.<\/p>\n\n\t\t<\/div>\n\t<\/div>\n\t\n\t<div id=\"accordion-535547602\" class=\"accordion-item\">\n\t\t<a id=\"accordion-535547602-label\" class=\"accordion-title plain\" href=\"#accordion-item-\u00bfqu\u00e9-tipo-de-hoja-llevan-los-puros?\" aria-expanded=\"false\" aria-controls=\"accordion-535547602-content\">\n\t\t\t<button class=\"toggle\" aria-label=\"Toggle\"><i class=\"icon-angle-down\" aria-hidden=\"true\"><\/i><\/button>\n\t\t\t<span>\u00bfQu\u00e9 tipo de hoja llevan los puros?<\/span>\n\t\t<\/a>\n\t\t<div id=\"accordion-535547602-content\" class=\"accordion-inner\" aria-labelledby=\"accordion-535547602-label\">\n\t\t\t\n\n<p>Esto depende de cada marca, pues fabricamos m\u00e1s de 9 marcas y submarcas, cada una con diferente liga, a\u00f1ejamiento y procedimiento de fabricaci\u00f3n. Usted podr\u00e1 encontrar en cada marca una descripci\u00f3n detallada de su mezcla: Tripa, Banda y Capa.<\/p>\n\n\t\t<\/div>\n\t<\/div>\n\t\n\t<div id=\"accordion-4253885226\" class=\"accordion-item\">\n\t\t<a id=\"accordion-4253885226-label\" class=\"accordion-title plain\" href=\"#accordion-item-\u00bfcu\u00e1les-son-las-marcas-de-puros-que-fabrican?\" aria-expanded=\"false\" aria-controls=\"accordion-4253885226-content\">\n\t\t\t<button class=\"toggle\" aria-label=\"Toggle\"><i class=\"icon-angle-down\" aria-hidden=\"true\"><\/i><\/button>\n\t\t\t<span>\u00bfCu\u00e1les son las marcas de puros que fabrican?<\/span>\n\t\t<\/a>\n\t\t<div id=\"accordion-4253885226-content\" class=\"accordion-inner\" aria-labelledby=\"accordion-4253885226-label\">\n\t\t\t\n\n<p>Nuestras marcas:<\/p>\n<ul>\n<li>SANTA CLARA 1830 Medio Siglo Triple Maduro<\/li>\n<li>Capa Flor<\/li>\n<li>Madrigal<\/li>\n<li>La Casta<\/li>\n<li>Santa Clara 1830<\/li>\n<li>Santa Clara 1830 Edici\u00f3n Especial<\/li>\n<li>Santa Clara 1830 Gran Reserva<\/li>\n<li>Aromas de San Andr\u00e9s<\/li>\n<li>Santa Clara 1830 Chicos<\/li>\n<li>Ejecutivos<\/li>\n<li>Veracruz Premium<\/li>\n<li>Hacienda Veracruz<\/li>\n<li>Hoja de Mexicali<\/li>\n<\/ul>\n\n\t\t<\/div>\n\t<\/div>\n\t\n\t<div id=\"accordion-2935088053\" class=\"accordion-item\">\n\t\t<a id=\"accordion-2935088053-label\" class=\"accordion-title plain\" href=\"#accordion-item-\u00bfcu\u00e1les-son-las-marcas-de-tabaco-que-comercializan?\" aria-expanded=\"false\" aria-controls=\"accordion-2935088053-content\">\n\t\t\t<button class=\"toggle\" aria-label=\"Toggle\"><i class=\"icon-angle-down\" aria-hidden=\"true\"><\/i><\/button>\n\t\t\t<span>\u00bfCu\u00e1les son las marcas de Tabaco que Comercializan?<\/span>\n\t\t<\/a>\n\t\t<div id=\"accordion-2935088053-content\" class=\"accordion-inner\" aria-labelledby=\"accordion-2935088053-label\">\n\t\t\t\n\n<ul>\n<li>Tabaco para Liar: Hampton<\/li>\n<li>Tabaco para masticar: Klondike<\/li>\n<li>Tabaco para pipa: Park Lane<\/li>\n<li>Cigarros: COHIBA<\/li>\n<\/ul>\n\n\t\t<\/div>\n\t<\/div>\n\t\n\t<div id=\"accordion-566762357\" class=\"accordion-item\">\n\t\t<a id=\"accordion-566762357-label\" class=\"accordion-title plain\" href=\"#accordion-item-\u00bfcu\u00e1l-es-el-puro-m\u00e1s-suave,-cu\u00e1l-el-m\u00e1s-fuerte?\" aria-expanded=\"false\" aria-controls=\"accordion-566762357-content\">\n\t\t\t<button class=\"toggle\" aria-label=\"Toggle\"><i class=\"icon-angle-down\" aria-hidden=\"true\"><\/i><\/button>\n\t\t\t<span>\u00bfCu\u00e1l es el puro m\u00e1s suave, cu\u00e1l el m\u00e1s fuerte?<\/span>\n\t\t<\/a>\n\t\t<div id=\"accordion-566762357-content\" class=\"accordion-inner\" aria-labelledby=\"accordion-566762357-label\">\n\t\t\t\n\n<p>Esto lo podemos conocer mediante su fortaleza (Tambi\u00e9n llamado cuerpo). Fortalezas de un puro:<\/p>\n<ul>\n<li>Suave<\/li>\n<li>Suave-Medio<\/li>\n<li>Medio<\/li>\n<li>Medio-Fuerte<\/li>\n<li>Fuerte<\/li>\n<\/ul>\n<p>Para su completa informaci\u00f3n cada una de nuestras marcas tiene detallado su fortaleza.<\/p>\n\n\t\t<\/div>\n\t<\/div>\n\t\n\t<div id=\"accordion-3823669787\" class=\"accordion-item\">\n\t\t<a id=\"accordion-3823669787-label\" class=\"accordion-title plain\" href=\"#accordion-item-\u00bfcu\u00e1l-es-el-tiempo-de-vida-de-los-puros?\" aria-expanded=\"false\" aria-controls=\"accordion-3823669787-content\">\n\t\t\t<button class=\"toggle\" aria-label=\"Toggle\"><i class=\"icon-angle-down\" aria-hidden=\"true\"><\/i><\/button>\n\t\t\t<span>\u00bfCu\u00e1l es el tiempo de vida de los puros?<\/span>\n\t\t<\/a>\n\t\t<div id=\"accordion-3823669787-content\" class=\"accordion-inner\" aria-labelledby=\"accordion-3823669787-label\">\n\t\t\t\n\n<p>Los puros no tienen caducidad, pero se requieren un estricto control de almacenaje: Humedad relativa 70-75% y una temperatura 18-20\u00b0, para que estos se conserven en \u00f3ptimas condiciones.<\/p>\n<p>Recomendamos ampliamente los <strong>Humidores Park Lane<\/strong>. <a href=\"https:\/\/www.noblehouse.com.mx\/tienda\/tabaqueria\/humidores\/\">Comprar Aqui<\/a><\/p>\n\n\t\t<\/div>\n\t<\/div>\n\t\n\t<div id=\"accordion-320838001\" class=\"accordion-item\">\n\t\t<a id=\"accordion-320838001-label\" class=\"accordion-title plain\" href=\"#accordion-item-\u00bfcon-qu\u00e9-se-enciende-un-puro?\" aria-expanded=\"false\" aria-controls=\"accordion-320838001-content\">\n\t\t\t<button class=\"toggle\" aria-label=\"Toggle\"><i class=\"icon-angle-down\" aria-hidden=\"true\"><\/i><\/button>\n\t\t\t<span>\u00bfCon qu\u00e9 se enciende un puro?<\/span>\n\t\t<\/a>\n\t\t<div id=\"accordion-320838001-content\" class=\"accordion-inner\" aria-labelledby=\"accordion-320838001-label\">\n\t\t\t\n\n<p>Le recomendaremos utilizar:<\/p>\n<ul>\n<li>Encendedor de gas<\/li>\n<li>F\u00f3sforos de madera<\/li>\n<li>Hoja de cedro<\/li>\n<\/ul>\n<div class=\"video video-fit mb\" style=\"padding-top:56.25%;\"><iframe loading=\"lazy\" title=\"Como encender un puro\" width=\"1020\" height=\"574\" src=\"https:\/\/www.youtube.com\/embed\/3bC3yUurAjc?feature=oembed\" frameborder=\"0\" allow=\"accelerometer; autoplay; clipboard-write; encrypted-media; gyroscope; picture-in-picture\" allowfullscreen><\/iframe><\/div>\n\n\n\t\t<\/div>\n\t<\/div>\n\t\n\t<div id=\"accordion-3626217360\" class=\"accordion-item\">\n\t\t<a id=\"accordion-3626217360-label\" class=\"accordion-title plain\" href=\"#accordion-item-\u00bfsolo-los-cubanos-son-habanos-o-todos-los-puros?\" aria-expanded=\"false\" aria-controls=\"accordion-3626217360-content\">\n\t\t\t<button class=\"toggle\" aria-label=\"Toggle\"><i class=\"icon-angle-down\" aria-hidden=\"true\"><\/i><\/button>\n\t\t\t<span>\u00bfSolo los Cubanos son Habanos o todos los Puros?<\/span>\n\t\t<\/a>\n\t\t<div id=\"accordion-3626217360-content\" class=\"accordion-inner\" aria-labelledby=\"accordion-3626217360-label\">\n\t\t\t\n\n<p>Denominaci\u00f3n de Origen s\u00f3lo reservada a los puros fabricados en Cuba conforme a las normas de cultivo y producci\u00f3n establecidas por el consejo regulador. No se debe utilizar esta acepci\u00f3n para los Puros producidos en otros pa\u00edses.<\/p>\n\n\t\t<\/div>\n\t<\/div>\n\t\n\t<div id=\"accordion-3522072908\" class=\"accordion-item\">\n\t\t<a id=\"accordion-3522072908-label\" class=\"accordion-title plain\" href=\"#accordion-item-\u00bfqu\u00e9-diferencia-hay-entre-un-puro-cubano-o-dominicano-vs-un-nacional?\" aria-expanded=\"false\" aria-controls=\"accordion-3522072908-content\">\n\t\t\t<button class=\"toggle\" aria-label=\"Toggle\"><i class=\"icon-angle-down\" aria-hidden=\"true\"><\/i><\/button>\n\t\t\t<span>\u00bfQu\u00e9 diferencia hay entre un puro Cubano o Dominicano vs un Nacional?<\/span>\n\t\t<\/a>\n\t\t<div id=\"accordion-3522072908-content\" class=\"accordion-inner\" aria-labelledby=\"accordion-3522072908-label\">\n\t\t\t\n\n<p>Cada parte de la planta de tabaco da unas hojas que aportan un aroma y un matiz diferente a cada Puro Premium. La calidad de un Puro Premium reside en el equilibrio perfecto que existe entre las diferentes partes de la planta de tabaco que lo compongan, as\u00ed como de los diferentes or\u00edgenes.<\/p>\n<p>Un puro nacional incrementa su riqueza cuando se crean mezclas con tabacos de otros or\u00edgenes, brindando otro tipo de matices y fortalezas.<\/p>\n\n\t\t<\/div>\n\t<\/div>\n\t\n\n<\/div>\n\n\n\n<hr class=\"wp-block-separator\"\/>\n","protected":false},"excerpt":{"rendered":"","protected":false},"author":1,"featured_media":0,"parent":0,"menu_order":0,"comment_status":"closed","ping_status":"closed","template":"","meta":{"footnotes":""},"class_list":["post-88","page","type-page","status-publish","hentry"],"_links":{"self":[{"href":"https:\/\/noblehouse.com.mx\/ntc\/wp-json\/wp\/v2\/pages\/88","targetHints":{"allow":["GET"]}}],"collection":[{"href":"https:\/\/noblehouse.com.mx\/ntc\/wp-json\/wp\/v2\/pages"}],"about":[{"href":"https:\/\/noblehouse.com.mx\/ntc\/wp-json\/wp\/v2\/types\/page"}],"author":[{"embeddable":true,"href":"https:\/\/noblehouse.com.mx\/ntc\/wp-json\/wp\/v2\/users\/1"}],"replies":[{"embeddable":true,"href":"https:\/\/noblehouse.com.mx\/ntc\/wp-json\/wp\/v2\/comments?post=88"}],"version-history":[{"count":15,"href":"https:\/\/noblehouse.com.mx\/ntc\/wp-json\/wp\/v2\/pages\/88\/revisions"}],"predecessor-version":[{"id":8025,"href":"https:\/\/noblehouse.com.mx\/ntc\/wp-json\/wp\/v2\/pages\/88\/revisions\/8025"}],"wp:attachment":[{"href":"https:\/\/noblehouse.com.mx\/ntc\/wp-json\/wp\/v2\/media?parent=88"}],"curies":[{"name":"wp","href":"https:\/\/api.w.org\/{rel}","templated":true}]}}